{"id":610,"date":"2021-08-26T09:00:12","date_gmt":"2021-08-26T09:00:12","guid":{"rendered":"https:\/\/el3.thembaydev.com\/greenmart_fresh\/?page_id=610"},"modified":"2024-01-31T07:59:26","modified_gmt":"2024-01-31T07:59:26","slug":"uber-uns","status":"publish","type":"page","link":"https:\/\/kaufennembutal.com\/pt\/sobre-nos\/","title":{"rendered":"Sobre n\u00f3s"},"content":{"rendered":"<div data-elementor-type=\"wp-page\" data-elementor-id=\"610\" class=\"elementor elementor-610\">\n\t\t\t\t\t\t<section class=\"elementor-section elementor-top-section elementor-element elementor-element-117063a elementor-section-stretched elementor-section-boxed elementor-section-height-default elementor-section-height-default\" data-id=\"117063a\" data-element_type=\"section\" data-settings=\"{&quot;stretch_section&quot;:&quot;section-stretched&quot;,&quot;background_background&quot;:&quot;classic&quot;}\">\n\t\t\t\t\t\t\t<div class=\"elementor-background-overlay\"><\/div>\n\t\t\t\t\t\t\t<div class=\"elementor-container elementor-column-gap-default\">\n\t\t\t\t\t<div class=\"elementor-column elementor-col-100 elementor-top-column elementor-element elementor-element-41c7c10\" data-id=\"41c7c10\" data-element_type=\"column\">\n\t\t\t<div class=\"elementor-widget-wrap elementor-element-populated\">\n\t\t\t\t\t\t<div class=\"elementor-element elementor-element-f1891e0 elementor-widget elementor-widget-tbay-heading\" data-id=\"f1891e0\" data-element_type=\"widget\" data-widget_type=\"tbay-heading.default\">\n\t\t\t\t<div class=\"elementor-widget-container\">\n\t\t\t\r\n<div class=\"tbay-element tbay-element-heading\">\r\n\t\t\t\t<h3 class=\"heading-tbay-title\">\r\n\t\t\t\t\t\t\t\t\t<span class=\"title\">Bem-vindo ao<\/span>\r\n\t\t\t\t\t    \t\r\n\t\t\t\t\t\t\t<\/h3>\r\n\t\t<\/div>\t\t<\/div>\n\t\t\t\t<\/div>\n\t\t\t\t<div class=\"elementor-element elementor-element-6df5911 elementor-widget elementor-widget-tbay-heading\" data-id=\"6df5911\" data-element_type=\"widget\" data-widget_type=\"tbay-heading.default\">\n\t\t\t\t<div class=\"elementor-widget-container\">\n\t\t\t\r\n<div class=\"tbay-element tbay-element-heading\">\r\n\t\t\t\t<h3 class=\"heading-tbay-title\">\r\n\t\t\t\t\t\t\t\t\t<span class=\"title\">ComprarNembutal<\/span>\r\n\t\t\t\t\t    \t\r\n\t\t\t\t\t\t\t<\/h3>\r\n\t\t<\/div>\t\t<\/div>\n\t\t\t\t<\/div>\n\t\t\t\t\t<\/div>\n\t\t<\/div>\n\t\t\t\t\t<\/div>\n\t\t<\/section>\n\t\t<div class=\"elementor-element elementor-element-8723589 e-flex e-con-boxed e-con e-parent\" data-id=\"8723589\" data-element_type=\"container\" data-settings=\"{&quot;content_width&quot;:&quot;boxed&quot;}\" data-core-v316-plus=\"true\">\n\t\t\t\t\t<div class=\"e-con-inner\">\n\t\t\t\t<div class=\"elementor-element elementor-element-6a63d2c elementor-widget elementor-widget-text-editor\" data-id=\"6a63d2c\" data-element_type=\"widget\" data-widget_type=\"text-editor.default\">\n\t\t\t\t<div class=\"elementor-widget-container\">\n\t\t\t<style>\/*! elementor - v3.19.0 - 29-01-2024 *\/\n.elementor-widget-text-editor.elementor-drop-cap-view-stacked .elementor-drop-cap{background-color:#69727d;color:#fff}.elementor-widget-text-editor.elementor-drop-cap-view-framed .elementor-drop-cap{color:#69727d;border:3px solid;background-color:transparent}.elementor-widget-text-editor:not(.elementor-drop-cap-view-default) .elementor-drop-cap{margin-top:8px}.elementor-widget-text-editor:not(.elementor-drop-cap-view-default) .elementor-drop-cap-letter{width:1em;height:1em}.elementor-widget-text-editor .elementor-drop-cap{float:left;text-align:center;line-height:1;font-size:50px}.elementor-widget-text-editor .elementor-drop-cap-letter{display:inline-block}<\/style>\t\t\t\t<p>Bem-vindo ao Example.com, o seu principal destino para comprar o Nembutal online. Orgulhamo-nos de ser uma fonte segura para quem procura comprar Nembutal de forma legal e segura. Com a nossa dedica\u00e7\u00e3o \u00e0 qualidade, fiabilidade e satisfa\u00e7\u00e3o do cliente, estabelecemo-nos como a loja Nembutal de refer\u00eancia, servindo os clientes n\u00e3o s\u00f3 em Fran\u00e7a, mas em todo o mundo. No Example.com, entendemos a import\u00e2ncia de fornecer uma experi\u00eancia de compra perfeita e sem complica\u00e7\u00f5es. \u00c9 por isso que selecion\u00e1mos uma vasta sele\u00e7\u00e3o de produtos Nembutal, assegurando que pode encontrar exatamente o que precisa com facilidade. Quer pretenda encomendar Nembutal para uso pessoal ou para outros fins, temos tudo o que precisa.<\/p><p>\u00a0<\/p><p>Quando escolhe Example.com, pode confiar que est\u00e1 a receber produtos Nembutal genu\u00ednos da mais alta qualidade. Trabalhamos diretamente com fabricantes de confian\u00e7a para garantir a autenticidade e a pot\u00eancia de cada produto que oferecemos. O nosso compromisso com o controlo de qualidade significa que pode comprar Nembutal online com confian\u00e7a, sabendo que est\u00e1 a receber um produto que cumpre os nossos rigorosos padr\u00f5es. Compreendemos que a discri\u00e7\u00e3o e a privacidade s\u00e3o fundamentais quando se compra Nembutal online. \u00c9 por isso que damos prioridade \u00e0 seguran\u00e7a das suas informa\u00e7\u00f5es pessoais e garantimos que todas as transac\u00e7\u00f5es s\u00e3o tratadas com a m\u00e1xima confidencialidade. Com o nosso processo de pagamento encriptado e embalagem discreta, pode ter a certeza de que a sua privacidade est\u00e1 protegida em todas as etapas do processo.<\/p>\t\t\t\t\t\t<\/div>\n\t\t\t\t<\/div>\n\t\t\t\t\t<\/div>\n\t\t\t\t<\/div>\n\t\t\t\t<section class=\"elementor-section elementor-top-section elementor-element elementor-element-cbeea41 elementor-section-stretched elementor-section-boxed elementor-section-height-default elementor-section-height-default\" data-id=\"cbeea41\" data-element_type=\"section\" data-settings=\"{&quot;stretch_section&quot;:&quot;section-stretched&quot;}\">\n\t\t\t\t\t\t<div class=\"elementor-container elementor-column-gap-default\">\n\t\t\t\t\t<div class=\"elementor-column elementor-col-50 elementor-top-column elementor-element elementor-element-f75c031\" data-id=\"f75c031\" data-element_type=\"column\">\n\t\t\t<div class=\"elementor-widget-wrap elementor-element-populated\">\n\t\t\t\t\t\t<div class=\"elementor-element elementor-element-2d3620f elementor-widget elementor-widget-text-editor\" data-id=\"2d3620f\" data-element_type=\"widget\" data-widget_type=\"text-editor.default\">\n\t\t\t\t<div class=\"elementor-widget-container\">\n\t\t\t\t\t\t\t<p style=\"text-align: justify;\">Est\u00e1 a pensar onde comprar Nembutal? N\u00e3o procure mais, Example.com. Com o nosso site de f\u00e1cil utiliza\u00e7\u00e3o e navega\u00e7\u00e3o intuitiva, encontrar e encomendar os seus produtos Nembutal desejados \u00e9 r\u00e1pido e f\u00e1cil. Al\u00e9m disso, com as nossas op\u00e7\u00f5es de envio r\u00e1pidas e fi\u00e1veis, pode ter a sua encomenda entregue diretamente \u00e0 sua porta num instante. Na Example.com, dedicamo-nos a fornecer um servi\u00e7o de apoio ao cliente excecional. Quer tenha d\u00favidas sobre os nossos produtos, necessite de assist\u00eancia com a sua encomenda ou necessite de apoio ap\u00f3s a compra, a nossa equipa simp\u00e1tica e experiente est\u00e1 aqui para o ajudar. Esfor\u00e7amo-nos por exceder as suas expectativas em todas as ocasi\u00f5es, assegurando que a sua experi\u00eancia connosco seja nada menos do que excelente.<\/p>\t\t\t\t\t\t<\/div>\n\t\t\t\t<\/div>\n\t\t\t\t\t<\/div>\n\t\t<\/div>\n\t\t\t\t<div class=\"elementor-column elementor-col-50 elementor-top-column elementor-element elementor-element-c89ee02\" data-id=\"c89ee02\" data-element_type=\"column\">\n\t\t\t<div class=\"elementor-widget-wrap elementor-element-populated\">\n\t\t\t\t\t\t<div class=\"elementor-element elementor-element-6459cb6 elementor-widget elementor-widget-text-editor\" data-id=\"6459cb6\" data-element_type=\"widget\" data-widget_type=\"text-editor.default\">\n\t\t\t\t<div class=\"elementor-widget-container\">\n\t\t\t\t\t\t\t<p style=\"text-align: justify;\">Experimente a conveni\u00eancia, fiabilidade e qualidade do Example.com por si pr\u00f3prio. Compre Nembutal online a partir de uma fonte fi\u00e1vel e junte-se a in\u00fameros clientes satisfeitos em todo o mundo. Encomende agora e descubra porque \u00e9 que a Example.com \u00e9 o destino preferido dos compradores de Nembutal em todo o mundo.<\/p>\t\t\t\t\t\t<\/div>\n\t\t\t\t<\/div>\n\t\t\t\t\t<\/div>\n\t\t<\/div>\n\t\t\t\t\t<\/div>\n\t\t<\/section>\n\t\t\t\t<section class=\"elementor-section elementor-top-section elementor-element elementor-element-eaab3bf elementor-section-stretched elementor-section-boxed elementor-section-height-default elementor-section-height-default\" data-id=\"eaab3bf\" data-element_type=\"section\" data-settings=\"{&quot;stretch_section&quot;:&quot;section-stretched&quot;,&quot;background_background&quot;:&quot;classic&quot;}\">\n\t\t\t\t\t\t<div class=\"elementor-container elementor-column-gap-default\">\n\t\t\t\t\t<div class=\"elementor-column elementor-col-100 elementor-top-column elementor-element elementor-element-3c81574\" data-id=\"3c81574\" data-element_type=\"column\">\n\t\t\t<div class=\"elementor-widget-wrap elementor-element-populated\">\n\t\t\t\t\t\t<div class=\"elementor-element elementor-element-c81bd63 elementor-widget elementor-widget-tbay-heading\" data-id=\"c81bd63\" data-element_type=\"widget\" data-widget_type=\"tbay-heading.default\">\n\t\t\t\t<div class=\"elementor-widget-container\">\n\t\t\t\r\n<div class=\"tbay-element tbay-element-heading\">\r\n\t\t\t\t<h3 class=\"heading-tbay-title\">\r\n\t\t\t\t\t\t\t\t\t<span class=\"title\">Porqu\u00ea escolher-nos?<\/span>\r\n\t\t\t\t\t    \t\r\n\t\t\t\t\t\t\t\t\t<span class=\"subtitle\">Em Kaufennembutal.com, sabemos como \u00e9 importante encontrar uma fonte fi\u00e1vel para as suas necessidades de nembutal. Aqui est\u00e3o seis raz\u00f5es convincentes pelas quais nos deve escolher:<\/span>\r\n\t\t\t\t\t\t\t<\/h3>\r\n\t\t<\/div>\t\t<\/div>\n\t\t\t\t<\/div>\n\t\t\t\t<section class=\"elementor-section elementor-inner-section elementor-element elementor-element-7fbc791 elementor-section-boxed elementor-section-height-default elementor-section-height-default\" data-id=\"7fbc791\" data-element_type=\"section\">\n\t\t\t\t\t\t<div class=\"elementor-container elementor-column-gap-no\">\n\t\t\t\t\t<div class=\"elementor-column elementor-col-33 elementor-inner-column elementor-element elementor-element-29fa024\" data-id=\"29fa024\" data-element_type=\"column\">\n\t\t\t<div class=\"elementor-widget-wrap elementor-element-populated\">\n\t\t\t\t\t\t<div class=\"elementor-element elementor-element-373665f elementor-view-default elementor-position-top elementor-mobile-position-top elementor-widget elementor-widget-icon-box\" data-id=\"373665f\" data-element_type=\"widget\" data-widget_type=\"icon-box.default\">\n\t\t\t\t<div class=\"elementor-widget-container\">\n\t\t\t<link rel=\"stylesheet\" href=\"https:\/\/kaufennembutal.com\/wp-content\/plugins\/elementor\/assets\/css\/widget-icon-box.min.css\">\t\t<div class=\"elementor-icon-box-wrapper\">\n\t\t\t\t\t\t<div class=\"elementor-icon-box-icon\">\n\t\t\t\t<span  class=\"elementor-icon elementor-animation-\">\n\t\t\t\t<i aria-hidden=\"true\" class=\"tb-icon tb-icon-zz-za-check\"><\/i>\t\t\t\t<\/span>\n\t\t\t<\/div>\n\t\t\t\t\t\t<div class=\"elementor-icon-box-content\">\n\t\t\t\t<h3 class=\"elementor-icon-box-title\">\n\t\t\t\t\t<span  >\n\t\t\t\t\t\tGarantia de qualidade\t\t\t\t\t<\/span>\n\t\t\t\t<\/h3>\n\t\t\t\t\t\t\t\t\t<p class=\"elementor-icon-box-description\">\n\t\t\t\t\t\tQuando compra Nembutal online, merece apenas o melhor. Na kaufennembutal.com, damos prioridade \u00e0 qualidade. Os nossos produtos s\u00e3o submetidos a testes rigorosos para garantir a pureza e a pot\u00eancia, para que possa ter paz de esp\u00edrito em cada compra.\t\t\t\t\t<\/p>\n\t\t\t\t\t\t\t<\/div>\n\t\t<\/div>\n\t\t\t\t<\/div>\n\t\t\t\t<\/div>\n\t\t\t\t\t<\/div>\n\t\t<\/div>\n\t\t\t\t<div class=\"elementor-column elementor-col-33 elementor-inner-column elementor-element elementor-element-a938e4d\" data-id=\"a938e4d\" data-element_type=\"column\">\n\t\t\t<div class=\"elementor-widget-wrap elementor-element-populated\">\n\t\t\t\t\t\t<div class=\"elementor-element elementor-element-4528986 elementor-view-default elementor-position-top elementor-mobile-position-top elementor-widget elementor-widget-icon-box\" data-id=\"4528986\" data-element_type=\"widget\" data-widget_type=\"icon-box.default\">\n\t\t\t\t<div class=\"elementor-widget-container\">\n\t\t\t\t\t<div class=\"elementor-icon-box-wrapper\">\n\t\t\t\t\t\t<div class=\"elementor-icon-box-icon\">\n\t\t\t\t<span  class=\"elementor-icon elementor-animation-\">\n\t\t\t\t<i aria-hidden=\"true\" class=\"sim-icon icon-lock\"><\/i>\t\t\t\t<\/span>\n\t\t\t<\/div>\n\t\t\t\t\t\t<div class=\"elementor-icon-box-content\">\n\t\t\t\t<h3 class=\"elementor-icon-box-title\">\n\t\t\t\t\t<span  >\n\t\t\t\t\t\tProcesso de encomenda seguro\t\t\t\t\t<\/span>\n\t\t\t\t<\/h3>\n\t\t\t\t\t\t\t\t\t<p class=\"elementor-icon-box-description\">\n\t\t\t\t\t\tEst\u00e1 preocupado com a seguran\u00e7a dos seus dados pessoais? Fique descansado, o nosso processo de encomenda \u00e9 completamente seguro. A sua privacidade \u00e9 a nossa principal prioridade e utilizamos a mais recente tecnologia de encripta\u00e7\u00e3o para proteger os seus dados.\t\t\t\t\t<\/p>\n\t\t\t\t\t\t\t<\/div>\n\t\t<\/div>\n\t\t\t\t<\/div>\n\t\t\t\t<\/div>\n\t\t\t\t\t<\/div>\n\t\t<\/div>\n\t\t\t\t<div class=\"elementor-column elementor-col-33 elementor-inner-column elementor-element elementor-element-a7e6a1e\" data-id=\"a7e6a1e\" data-element_type=\"column\">\n\t\t\t<div class=\"elementor-widget-wrap elementor-element-populated\">\n\t\t\t\t\t\t<div class=\"elementor-element elementor-element-5dcd675 elementor-view-default elementor-position-top elementor-mobile-position-top elementor-widget elementor-widget-icon-box\" data-id=\"5dcd675\" data-element_type=\"widget\" data-widget_type=\"icon-box.default\">\n\t\t\t\t<div class=\"elementor-widget-container\">\n\t\t\t\t\t<div class=\"elementor-icon-box-wrapper\">\n\t\t\t\t\t\t<div class=\"elementor-icon-box-icon\">\n\t\t\t\t<span  class=\"elementor-icon elementor-animation-\">\n\t\t\t\t<i aria-hidden=\"true\" class=\"tb-icon tb-icon-zz-list\"><\/i>\t\t\t\t<\/span>\n\t\t\t<\/div>\n\t\t\t\t\t\t<div class=\"elementor-icon-box-content\">\n\t\t\t\t<h3 class=\"elementor-icon-box-title\">\n\t\t\t\t\t<span  >\n\t\t\t\t\t\tGrande sele\u00e7\u00e3o\t\t\t\t\t<\/span>\n\t\t\t\t<\/h3>\n\t\t\t\t\t\t\t\t\t<p class=\"elementor-icon-box-description\">\n\t\t\t\t\t\tQuer pretenda comprar Nembutal para uso pessoal ou para fins de investiga\u00e7\u00e3o, veio ao s\u00edtio certo em KaufenNembutal.com. A nossa vasta gama inclui v\u00e1rias formas e quantidades para satisfazer as suas necessidades. Pode encontrar o produto perfeito em apenas alguns cliques.\t\t\t\t\t<\/p>\n\t\t\t\t\t\t\t<\/div>\n\t\t<\/div>\n\t\t\t\t<\/div>\n\t\t\t\t<\/div>\n\t\t\t\t\t<\/div>\n\t\t<\/div>\n\t\t\t\t\t<\/div>\n\t\t<\/section>\n\t\t\t\t<section class=\"elementor-section elementor-inner-section elementor-element elementor-element-21eaeca elementor-section-boxed elementor-section-height-default elementor-section-height-default\" data-id=\"21eaeca\" data-element_type=\"section\">\n\t\t\t\t\t\t<div class=\"elementor-container elementor-column-gap-no\">\n\t\t\t\t\t<div class=\"elementor-column elementor-col-33 elementor-inner-column elementor-element elementor-element-bacc492\" data-id=\"bacc492\" data-element_type=\"column\">\n\t\t\t<div class=\"elementor-widget-wrap elementor-element-populated\">\n\t\t\t\t\t\t<div class=\"elementor-element elementor-element-f386e0d elementor-view-default elementor-position-top elementor-mobile-position-top elementor-widget elementor-widget-icon-box\" data-id=\"f386e0d\" data-element_type=\"widget\" data-widget_type=\"icon-box.default\">\n\t\t\t\t<div class=\"elementor-widget-container\">\n\t\t\t\t\t<div class=\"elementor-icon-box-wrapper\">\n\t\t\t\t\t\t<div class=\"elementor-icon-box-icon\">\n\t\t\t\t<span  class=\"elementor-icon elementor-animation-\">\n\t\t\t\t<i aria-hidden=\"true\" class=\"sim-icon icon-plane\"><\/i>\t\t\t\t<\/span>\n\t\t\t<\/div>\n\t\t\t\t\t\t<div class=\"elementor-icon-box-content\">\n\t\t\t\t<h3 class=\"elementor-icon-box-title\">\n\t\t\t\t\t<span  >\n\t\t\t\t\t\tEnvio r\u00e1pido e discreto\t\t\t\t\t<\/span>\n\t\t\t\t<\/h3>\n\t\t\t\t\t\t\t\t\t<p class=\"elementor-icon-box-description\">\n\t\t\t\t\t\tCompreendemos a urg\u00eancia da sua encomenda e por isso oferecemos um envio r\u00e1pido e discreto para todo o mundo. Quer esteja em Fran\u00e7a ou em qualquer outra parte do mundo, pode confiar em KaufenNembutal.com para entregar o seu Nembutal de forma segura e r\u00e1pida.\t\t\t\t\t<\/p>\n\t\t\t\t\t\t\t<\/div>\n\t\t<\/div>\n\t\t\t\t<\/div>\n\t\t\t\t<\/div>\n\t\t\t\t\t<\/div>\n\t\t<\/div>\n\t\t\t\t<div class=\"elementor-column elementor-col-33 elementor-inner-column elementor-element elementor-element-dd26592\" data-id=\"dd26592\" data-element_type=\"column\">\n\t\t\t<div class=\"elementor-widget-wrap elementor-element-populated\">\n\t\t\t\t\t\t<div class=\"elementor-element elementor-element-734b5eb elementor-view-default elementor-position-top elementor-mobile-position-top elementor-widget elementor-widget-icon-box\" data-id=\"734b5eb\" data-element_type=\"widget\" data-widget_type=\"icon-box.default\">\n\t\t\t\t<div class=\"elementor-widget-container\">\n\t\t\t\t\t<div class=\"elementor-icon-box-wrapper\">\n\t\t\t\t\t\t<div class=\"elementor-icon-box-icon\">\n\t\t\t\t<span  class=\"elementor-icon elementor-animation-\">\n\t\t\t\t<i aria-hidden=\"true\" class=\"sim-icon icon-handbag\"><\/i>\t\t\t\t<\/span>\n\t\t\t<\/div>\n\t\t\t\t\t\t<div class=\"elementor-icon-box-content\">\n\t\t\t\t<h3 class=\"elementor-icon-box-title\">\n\t\t\t\t\t<span  >\n\t\t\t\t\t\tFonte leg\u00edtima\t\t\t\t\t<\/span>\n\t\t\t\t<\/h3>\n\t\t\t\t\t\t\t\t\t<p class=\"elementor-icon-box-description\">\n\t\t\t\t\t\tN\u00e3o corra riscos com fornecedores duvidosos. BuyNembutal.com \u00e9 uma loja Nembutal respeit\u00e1vel com uma reputa\u00e7\u00e3o de fiabilidade e confian\u00e7a. Quando compra Nembutal legalmente connosco, pode confiar na autenticidade dos nossos produtos.\t\t\t\t\t<\/p>\n\t\t\t\t\t\t\t<\/div>\n\t\t<\/div>\n\t\t\t\t<\/div>\n\t\t\t\t<\/div>\n\t\t\t\t\t<\/div>\n\t\t<\/div>\n\t\t\t\t<div class=\"elementor-column elementor-col-33 elementor-inner-column elementor-element elementor-element-03cc715\" data-id=\"03cc715\" data-element_type=\"column\">\n\t\t\t<div class=\"elementor-widget-wrap elementor-element-populated\">\n\t\t\t\t\t\t<div class=\"elementor-element elementor-element-2adb60b elementor-view-default elementor-position-top elementor-mobile-position-top elementor-widget elementor-widget-icon-box\" data-id=\"2adb60b\" data-element_type=\"widget\" data-widget_type=\"icon-box.default\">\n\t\t\t\t<div class=\"elementor-widget-container\">\n\t\t\t\t\t<div class=\"elementor-icon-box-wrapper\">\n\t\t\t\t\t\t<div class=\"elementor-icon-box-icon\">\n\t\t\t\t<span  class=\"elementor-icon elementor-animation-\">\n\t\t\t\t<i aria-hidden=\"true\" class=\"tb-icon tb-icon-support\"><\/i>\t\t\t\t<\/span>\n\t\t\t<\/div>\n\t\t\t\t\t\t<div class=\"elementor-icon-box-content\">\n\t\t\t\t<h3 class=\"elementor-icon-box-title\">\n\t\t\t\t\t<span  >\n\t\t\t\t\t\tServi\u00e7o excecional ao cliente\t\t\t\t\t<\/span>\n\t\t\t\t<\/h3>\n\t\t\t\t\t\t\t\t\t<p class=\"elementor-icon-box-description\">\n\t\t\t\t\t\tTem alguma quest\u00e3o ou d\u00favida? A nossa equipa dedicada de apoio ao cliente est\u00e1 aqui para o ajudar. Desde a assist\u00eancia \u00e0 encomenda at\u00e9 aos pedidos de informa\u00e7\u00e3o sobre as especifica\u00e7\u00f5es do produto, esfor\u00e7amo-nos por lhe fornecer o apoio de que necessita em todas as fases do processo.\t\t\t\t\t<\/p>\n\t\t\t\t\t\t\t<\/div>\n\t\t<\/div>\n\t\t\t\t<\/div>\n\t\t\t\t<\/div>\n\t\t\t\t\t<\/div>\n\t\t<\/div>\n\t\t\t\t\t<\/div>\n\t\t<\/section>\n\t\t\t\t\t<\/div>\n\t\t<\/div>\n\t\t\t\t\t<\/div>\n\t\t<\/section>\n\t\t\t\t<\/div>","protected":false},"excerpt":{"rendered":"<p>Bem-vindo ao BuyNembutal Bem-vindo ao Example.com, o seu principal destino para comprar Nembutal online. Orgulhamo-nos de ser uma fonte segura para quem procura comprar Nembutal de forma legal e segura. Com a nossa dedica\u00e7\u00e3o \u00e0 qualidade, fiabilidade e satisfa\u00e7\u00e3o do cliente, estabelecemo-nos como a loja Nembutal de refer\u00eancia, servindo os clientes n\u00e3o s\u00f3 em Fran\u00e7a, mas em todo o mundo. <a href=\"https:\/\/kaufennembutal.com\/pt\/sobre-nos\/\" class=\"more-link\">Continuar a ler <span class=\"screen-reader-text\">Sobre n\u00f3s<\/span><\/a><\/p>","protected":false},"author":1,"featured_media":0,"parent":0,"menu_order":0,"comment_status":"closed","ping_status":"closed","template":"","meta":{"footnotes":""},"class_list":["post-610","page","type-page","status-publish","hentry"],"yoast_head":"<!-- This site is optimized with the Yoast SEO plugin v26.1.1 - https:\/\/yoast.com\/wordpress\/plugins\/seo\/ -->\n<title>\u00dcber uns - Kaufen Nembutal<\/title>\n<meta name=\"robots\" content=\"index, follow, max-snippet:-1, max-image-preview:large, max-video-preview:-1\" \/>\n<link rel=\"canonical\" href=\"https:\/\/kaufennembutal.com\/pt\/sobre-nos\/\" \/>\n<meta property=\"og:locale\" content=\"pt_PT\" \/>\n<meta property=\"og:type\" content=\"article\" \/>\n<meta property=\"og:title\" content=\"\u00dcber uns - Kaufen Nembutal\" \/>\n<meta property=\"og:description\" content=\"Willkommen zu KaufenNembutal Welcome to Example.com, your premier destination for purchasing Nembutal online. We pride ourselves on being a trusted source for those seeking to buy Nembutal legally and securely. With our dedication to quality, reliability, and customer satisfaction, we&#8217;ve established ourselves as the go-to Nembutal store, serving customers not only in France but worldwide.At &hellip; Continue reading \u00dcber uns\" \/>\n<meta property=\"og:url\" content=\"https:\/\/kaufennembutal.com\/pt\/sobre-nos\/\" \/>\n<meta property=\"og:site_name\" content=\"Kaufen Nembutal\" \/>\n<meta property=\"article:modified_time\" content=\"2024-01-31T07:59:26+00:00\" \/>\n<meta name=\"twitter:card\" content=\"summary_large_image\" \/>\n<meta name=\"twitter:label1\" content=\"Tempo estimado de leitura\" \/>\n\t<meta name=\"twitter:data1\" content=\"3 minutos\" \/>\n<script type=\"application\/ld+json\" class=\"yoast-schema-graph\">{\"@context\":\"https:\/\/schema.org\",\"@graph\":[{\"@type\":\"WebPage\",\"@id\":\"https:\/\/kaufennembutal.com\/uber-uns\/\",\"url\":\"https:\/\/kaufennembutal.com\/uber-uns\/\",\"name\":\"\u00dcber uns - Kaufen Nembutal\",\"isPartOf\":{\"@id\":\"https:\/\/kaufennembutal.com\/#website\"},\"datePublished\":\"2021-08-26T09:00:12+00:00\",\"dateModified\":\"2024-01-31T07:59:26+00:00\",\"breadcrumb\":{\"@id\":\"https:\/\/kaufennembutal.com\/uber-uns\/#breadcrumb\"},\"inLanguage\":\"pt-PT\",\"potentialAction\":[{\"@type\":\"ReadAction\",\"target\":[\"https:\/\/kaufennembutal.com\/uber-uns\/\"]}]},{\"@type\":\"BreadcrumbList\",\"@id\":\"https:\/\/kaufennembutal.com\/uber-uns\/#breadcrumb\",\"itemListElement\":[{\"@type\":\"ListItem\",\"position\":1,\"name\":\"Home\",\"item\":\"https:\/\/kaufennembutal.com\/\"},{\"@type\":\"ListItem\",\"position\":2,\"name\":\"\u00dcber uns\"}]},{\"@type\":\"WebSite\",\"@id\":\"https:\/\/kaufennembutal.com\/#website\",\"url\":\"https:\/\/kaufennembutal.com\/\",\"name\":\"Kaufen Nembutal\",\"description\":\"Nembutal Kaufen Online\",\"potentialAction\":[{\"@type\":\"SearchAction\",\"target\":{\"@type\":\"EntryPoint\",\"urlTemplate\":\"https:\/\/kaufennembutal.com\/?s={search_term_string}\"},\"query-input\":{\"@type\":\"PropertyValueSpecification\",\"valueRequired\":true,\"valueName\":\"search_term_string\"}}],\"inLanguage\":\"pt-PT\"}]}<\/script>\n<!-- \/ Yoast SEO plugin. -->","yoast_head_json":{"title":"Sobre n\u00f3s - Comprar Nembutal","robots":{"index":"index","follow":"follow","max-snippet":"max-snippet:-1","max-image-preview":"max-image-preview:large","max-video-preview":"max-video-preview:-1"},"canonical":"https:\/\/kaufennembutal.com\/pt\/sobre-nos\/","og_locale":"pt_PT","og_type":"article","og_title":"\u00dcber uns - Kaufen Nembutal","og_description":"Willkommen zu KaufenNembutal Welcome to Example.com, your premier destination for purchasing Nembutal online. We pride ourselves on being a trusted source for those seeking to buy Nembutal legally and securely. With our dedication to quality, reliability, and customer satisfaction, we&#8217;ve established ourselves as the go-to Nembutal store, serving customers not only in France but worldwide.At &hellip; Continue reading \u00dcber uns","og_url":"https:\/\/kaufennembutal.com\/pt\/sobre-nos\/","og_site_name":"Kaufen Nembutal","article_modified_time":"2024-01-31T07:59:26+00:00","twitter_card":"summary_large_image","twitter_misc":{"Tempo estimado de leitura":"3 minutos"},"schema":{"@context":"https:\/\/schema.org","@graph":[{"@type":"WebPage","@id":"https:\/\/kaufennembutal.com\/uber-uns\/","url":"https:\/\/kaufennembutal.com\/uber-uns\/","name":"Sobre n\u00f3s - Comprar Nembutal","isPartOf":{"@id":"https:\/\/kaufennembutal.com\/#website"},"datePublished":"2021-08-26T09:00:12+00:00","dateModified":"2024-01-31T07:59:26+00:00","breadcrumb":{"@id":"https:\/\/kaufennembutal.com\/uber-uns\/#breadcrumb"},"inLanguage":"pt-PT","potentialAction":[{"@type":"ReadAction","target":["https:\/\/kaufennembutal.com\/uber-uns\/"]}]},{"@type":"BreadcrumbList","@id":"https:\/\/kaufennembutal.com\/uber-uns\/#breadcrumb","itemListElement":[{"@type":"ListItem","position":1,"name":"Home","item":"https:\/\/kaufennembutal.com\/"},{"@type":"ListItem","position":2,"name":"\u00dcber uns"}]},{"@type":"WebSite","@id":"https:\/\/kaufennembutal.com\/#website","url":"https:\/\/kaufennembutal.com\/","name":"Comprar Nembutal","description":"Comprar Nembutal online","potentialAction":[{"@type":"SearchAction","target":{"@type":"EntryPoint","urlTemplate":"https:\/\/kaufennembutal.com\/?s={search_term_string}"},"query-input":{"@type":"PropertyValueSpecification","valueRequired":true,"valueName":"search_term_string"}}],"inLanguage":"pt-PT"}]}},"_links":{"self":[{"href":"https:\/\/kaufennembutal.com\/pt\/wp-json\/wp\/v2\/pages\/610","targetHints":{"allow":["GET"]}}],"collection":[{"href":"https:\/\/kaufennembutal.com\/pt\/wp-json\/wp\/v2\/pages"}],"about":[{"href":"https:\/\/kaufennembutal.com\/pt\/wp-json\/wp\/v2\/types\/page"}],"author":[{"embeddable":true,"href":"https:\/\/kaufennembutal.com\/pt\/wp-json\/wp\/v2\/users\/1"}],"replies":[{"embeddable":true,"href":"https:\/\/kaufennembutal.com\/pt\/wp-json\/wp\/v2\/comments?post=610"}],"version-history":[{"count":28,"href":"https:\/\/kaufennembutal.com\/pt\/wp-json\/wp\/v2\/pages\/610\/revisions"}],"predecessor-version":[{"id":4785,"href":"https:\/\/kaufennembutal.com\/pt\/wp-json\/wp\/v2\/pages\/610\/revisions\/4785"}],"wp:attachment":[{"href":"https:\/\/kaufennembutal.com\/pt\/wp-json\/wp\/v2\/media?parent=610"}],"curies":[{"name":"wp","href":"https:\/\/api.w.org\/{rel}","templated":true}]}}