{"id":610,"date":"2021-08-26T09:00:12","date_gmt":"2021-08-26T09:00:12","guid":{"rendered":"https:\/\/el3.thembaydev.com\/greenmart_fresh\/?page_id=610"},"modified":"2024-01-31T07:59:26","modified_gmt":"2024-01-31T07:59:26","slug":"uber-uns","status":"publish","type":"page","link":"https:\/\/kaufennembutal.com\/pl\/o-nas\/","title":{"rendered":"O nas"},"content":{"rendered":"<div data-elementor-type=\"wp-page\" data-elementor-id=\"610\" class=\"elementor elementor-610\">\n\t\t\t\t\t\t<section class=\"elementor-section elementor-top-section elementor-element elementor-element-117063a elementor-section-stretched elementor-section-boxed elementor-section-height-default elementor-section-height-default\" data-id=\"117063a\" data-element_type=\"section\" data-settings=\"{&quot;stretch_section&quot;:&quot;section-stretched&quot;,&quot;background_background&quot;:&quot;classic&quot;}\">\n\t\t\t\t\t\t\t<div class=\"elementor-background-overlay\"><\/div>\n\t\t\t\t\t\t\t<div class=\"elementor-container elementor-column-gap-default\">\n\t\t\t\t\t<div class=\"elementor-column elementor-col-100 elementor-top-column elementor-element elementor-element-41c7c10\" data-id=\"41c7c10\" data-element_type=\"column\">\n\t\t\t<div class=\"elementor-widget-wrap elementor-element-populated\">\n\t\t\t\t\t\t<div class=\"elementor-element elementor-element-f1891e0 elementor-widget elementor-widget-tbay-heading\" data-id=\"f1891e0\" data-element_type=\"widget\" data-widget_type=\"tbay-heading.default\">\n\t\t\t\t<div class=\"elementor-widget-container\">\n\t\t\t\r\n<div class=\"tbay-element tbay-element-heading\">\r\n\t\t\t\t<h3 class=\"heading-tbay-title\">\r\n\t\t\t\t\t\t\t\t\t<span class=\"title\">Witamy w<\/span>\r\n\t\t\t\t\t    \t\r\n\t\t\t\t\t\t\t<\/h3>\r\n\t\t<\/div>\t\t<\/div>\n\t\t\t\t<\/div>\n\t\t\t\t<div class=\"elementor-element elementor-element-6df5911 elementor-widget elementor-widget-tbay-heading\" data-id=\"6df5911\" data-element_type=\"widget\" data-widget_type=\"tbay-heading.default\">\n\t\t\t\t<div class=\"elementor-widget-container\">\n\t\t\t\r\n<div class=\"tbay-element tbay-element-heading\">\r\n\t\t\t\t<h3 class=\"heading-tbay-title\">\r\n\t\t\t\t\t\t\t\t\t<span class=\"title\">BuyNembutal<\/span>\r\n\t\t\t\t\t    \t\r\n\t\t\t\t\t\t\t<\/h3>\r\n\t\t<\/div>\t\t<\/div>\n\t\t\t\t<\/div>\n\t\t\t\t\t<\/div>\n\t\t<\/div>\n\t\t\t\t\t<\/div>\n\t\t<\/section>\n\t\t<div class=\"elementor-element elementor-element-8723589 e-flex e-con-boxed e-con e-parent\" data-id=\"8723589\" data-element_type=\"container\" data-settings=\"{&quot;content_width&quot;:&quot;boxed&quot;}\" data-core-v316-plus=\"true\">\n\t\t\t\t\t<div class=\"e-con-inner\">\n\t\t\t\t<div class=\"elementor-element elementor-element-6a63d2c elementor-widget elementor-widget-text-editor\" data-id=\"6a63d2c\" data-element_type=\"widget\" data-widget_type=\"text-editor.default\">\n\t\t\t\t<div class=\"elementor-widget-container\">\n\t\t\t<style>\/*! elementor - v3.19.0 - 29-01-2024 *\/\n.elementor-widget-text-editor.elementor-drop-cap-view-stacked .elementor-drop-cap{background-color:#69727d;color:#fff}.elementor-widget-text-editor.elementor-drop-cap-view-framed .elementor-drop-cap{color:#69727d;border:3px solid;background-color:transparent}.elementor-widget-text-editor:not(.elementor-drop-cap-view-default) .elementor-drop-cap{margin-top:8px}.elementor-widget-text-editor:not(.elementor-drop-cap-view-default) .elementor-drop-cap-letter{width:1em;height:1em}.elementor-widget-text-editor .elementor-drop-cap{float:left;text-align:center;line-height:1;font-size:50px}.elementor-widget-text-editor .elementor-drop-cap-letter{display:inline-block}<\/style>\t\t\t\t<p>Witamy w Example.com, g\u0142\u00f3wnym miejscu zakupu Nembutalu online. Jeste\u015bmy dumni z tego, \u017ce jeste\u015bmy zaufanym \u017ar\u00f3d\u0142em dla tych, kt\u00f3rzy chc\u0105 legalnie i bezpiecznie kupi\u0107 Nembutal. Dzi\u0119ki naszemu zaanga\u017cowaniu w jako\u015b\u0107, niezawodno\u015b\u0107 i zadowolenie klient\u00f3w, stali\u015bmy si\u0119 sklepem Nembutal, obs\u0142uguj\u0105cym klient\u00f3w nie tylko we Francji, ale na ca\u0142ym \u015bwiecie. W Example.com rozumiemy, jak wa\u017cne jest zapewnienie p\u0142ynnych i bezproblemowych zakup\u00f3w. W\u0142a\u015bnie dlatego stworzyli\u015bmy kompleksowy wyb\u00f3r produkt\u00f3w Nembutal, zapewniaj\u0105c, \u017ce z \u0142atwo\u015bci\u0105 znajdziesz dok\u0142adnie to, czego potrzebujesz. Niezale\u017cnie od tego, czy chcesz zam\u00f3wi\u0107 Nembutal do u\u017cytku osobistego, czy do innych cel\u00f3w, mamy dla Ciebie wszystko.<\/p><p>\u00a0<\/p><p>Wybieraj\u0105c Example.com, mo\u017cesz mie\u0107 pewno\u015b\u0107, \u017ce otrzymujesz oryginalne produkty Nembutal najwy\u017cszej jako\u015bci. Wsp\u00f3\u0142pracujemy bezpo\u015brednio z zaufanymi producentami, aby zapewni\u0107 autentyczno\u015b\u0107 i moc ka\u017cdego oferowanego przez nas produktu. Nasze zaanga\u017cowanie w kontrol\u0119 jako\u015bci oznacza, \u017ce mo\u017cesz kupowa\u0107 Nembutal online bez obaw, wiedz\u0105c, \u017ce otrzymujesz produkt spe\u0142niaj\u0105cy nasze rygorystyczne standardy. Rozumiemy, \u017ce dyskrecja i prywatno\u015b\u0107 s\u0105 najwa\u017cniejsze przy zakupie Nembutalu online. Dlatego te\u017c priorytetowo traktujemy bezpiecze\u0144stwo Twoich danych osobowych i zapewniamy, \u017ce ka\u017cda transakcja jest obs\u0142ugiwana z zachowaniem najwy\u017cszej poufno\u015bci. Dzi\u0119ki naszemu szyfrowanemu procesowi p\u0142atno\u015bci i dyskretnemu opakowaniu mo\u017cesz mie\u0107 pewno\u015b\u0107, \u017ce Twoja prywatno\u015b\u0107 jest chroniona na ka\u017cdym kroku.<\/p>\t\t\t\t\t\t<\/div>\n\t\t\t\t<\/div>\n\t\t\t\t\t<\/div>\n\t\t\t\t<\/div>\n\t\t\t\t<section class=\"elementor-section elementor-top-section elementor-element elementor-element-cbeea41 elementor-section-stretched elementor-section-boxed elementor-section-height-default elementor-section-height-default\" data-id=\"cbeea41\" data-element_type=\"section\" data-settings=\"{&quot;stretch_section&quot;:&quot;section-stretched&quot;}\">\n\t\t\t\t\t\t<div class=\"elementor-container elementor-column-gap-default\">\n\t\t\t\t\t<div class=\"elementor-column elementor-col-50 elementor-top-column elementor-element elementor-element-f75c031\" data-id=\"f75c031\" data-element_type=\"column\">\n\t\t\t<div class=\"elementor-widget-wrap elementor-element-populated\">\n\t\t\t\t\t\t<div class=\"elementor-element elementor-element-2d3620f elementor-widget elementor-widget-text-editor\" data-id=\"2d3620f\" data-element_type=\"widget\" data-widget_type=\"text-editor.default\">\n\t\t\t\t<div class=\"elementor-widget-container\">\n\t\t\t\t\t\t\t<p style=\"text-align: justify;\">Zastanawiasz si\u0119 gdzie kupi\u0107 Nembutal? Nie szukaj dalej ni\u017c Example.com. Dzi\u0119ki naszej przyjaznej dla u\u017cytkownika stronie internetowej i intuicyjnej nawigacji znalezienie i zam\u00f3wienie po\u017c\u0105danych produkt\u00f3w Nembutal jest szybkie i \u0142atwe. Dodatkowo, dzi\u0119ki naszym szybkim i niezawodnym opcjom wysy\u0142ki, zam\u00f3wienie mo\u017ce zosta\u0107 dostarczone pod same drzwi w mgnieniu oka. W Example.com dok\u0142adamy wszelkich stara\u0144, aby zapewni\u0107 wyj\u0105tkow\u0105 obs\u0142ug\u0119 klienta. Niezale\u017cnie od tego, czy masz pytania dotycz\u0105ce naszych produkt\u00f3w, potrzebujesz pomocy przy zam\u00f3wieniu, czy potrzebujesz wsparcia po zakupie, nasz przyjazny i kompetentny zesp\u00f3\u0142 jest tutaj, aby pom\u00f3c. Staramy si\u0119 przekracza\u0107 Twoje oczekiwania na ka\u017cdym kroku, zapewniaj\u0105c, \u017ce Twoje do\u015bwiadczenia z nami s\u0105 po prostu wyj\u0105tkowe.<\/p>\t\t\t\t\t\t<\/div>\n\t\t\t\t<\/div>\n\t\t\t\t\t<\/div>\n\t\t<\/div>\n\t\t\t\t<div class=\"elementor-column elementor-col-50 elementor-top-column elementor-element elementor-element-c89ee02\" data-id=\"c89ee02\" data-element_type=\"column\">\n\t\t\t<div class=\"elementor-widget-wrap elementor-element-populated\">\n\t\t\t\t\t\t<div class=\"elementor-element elementor-element-6459cb6 elementor-widget elementor-widget-text-editor\" data-id=\"6459cb6\" data-element_type=\"widget\" data-widget_type=\"text-editor.default\">\n\t\t\t\t<div class=\"elementor-widget-container\">\n\t\t\t\t\t\t\t<p style=\"text-align: justify;\">Przekonaj si\u0119 sam o wygodzie, niezawodno\u015bci i jako\u015bci Example.com. Kup Nembutal online z zaufanego \u017ar\u00f3d\u0142a i do\u0142\u0105cz do niezliczonej liczby zadowolonych klient\u00f3w na ca\u0142ym \u015bwiecie. Zam\u00f3w teraz i odkryj, dlaczego Example.com jest preferowanym miejscem dla kupuj\u0105cych Nembutal na ca\u0142ym \u015bwiecie.<\/p>\t\t\t\t\t\t<\/div>\n\t\t\t\t<\/div>\n\t\t\t\t\t<\/div>\n\t\t<\/div>\n\t\t\t\t\t<\/div>\n\t\t<\/section>\n\t\t\t\t<section class=\"elementor-section elementor-top-section elementor-element elementor-element-eaab3bf elementor-section-stretched elementor-section-boxed elementor-section-height-default elementor-section-height-default\" data-id=\"eaab3bf\" data-element_type=\"section\" data-settings=\"{&quot;stretch_section&quot;:&quot;section-stretched&quot;,&quot;background_background&quot;:&quot;classic&quot;}\">\n\t\t\t\t\t\t<div class=\"elementor-container elementor-column-gap-default\">\n\t\t\t\t\t<div class=\"elementor-column elementor-col-100 elementor-top-column elementor-element elementor-element-3c81574\" data-id=\"3c81574\" data-element_type=\"column\">\n\t\t\t<div class=\"elementor-widget-wrap elementor-element-populated\">\n\t\t\t\t\t\t<div class=\"elementor-element elementor-element-c81bd63 elementor-widget elementor-widget-tbay-heading\" data-id=\"c81bd63\" data-element_type=\"widget\" data-widget_type=\"tbay-heading.default\">\n\t\t\t\t<div class=\"elementor-widget-container\">\n\t\t\t\r\n<div class=\"tbay-element tbay-element-heading\">\r\n\t\t\t\t<h3 class=\"heading-tbay-title\">\r\n\t\t\t\t\t\t\t\t\t<span class=\"title\">Dlaczego warto nas wybra\u0107?<\/span>\r\n\t\t\t\t\t    \t\r\n\t\t\t\t\t\t\t\t\t<span class=\"subtitle\">W Kaufennembutal.com wiemy, jak wa\u017cne jest znalezienie wiarygodnego \u017ar\u00f3d\u0142a nembutalu. Oto sze\u015b\u0107 istotnych powod\u00f3w, dla kt\u00f3rych warto wybra\u0107 w\u0142a\u015bnie nas:<\/span>\r\n\t\t\t\t\t\t\t<\/h3>\r\n\t\t<\/div>\t\t<\/div>\n\t\t\t\t<\/div>\n\t\t\t\t<section class=\"elementor-section elementor-inner-section elementor-element elementor-element-7fbc791 elementor-section-boxed elementor-section-height-default elementor-section-height-default\" data-id=\"7fbc791\" data-element_type=\"section\">\n\t\t\t\t\t\t<div class=\"elementor-container elementor-column-gap-no\">\n\t\t\t\t\t<div class=\"elementor-column elementor-col-33 elementor-inner-column elementor-element elementor-element-29fa024\" data-id=\"29fa024\" data-element_type=\"column\">\n\t\t\t<div class=\"elementor-widget-wrap elementor-element-populated\">\n\t\t\t\t\t\t<div class=\"elementor-element elementor-element-373665f elementor-view-default elementor-position-top elementor-mobile-position-top elementor-widget elementor-widget-icon-box\" data-id=\"373665f\" data-element_type=\"widget\" data-widget_type=\"icon-box.default\">\n\t\t\t\t<div class=\"elementor-widget-container\">\n\t\t\t<link rel=\"stylesheet\" href=\"https:\/\/kaufennembutal.com\/wp-content\/plugins\/elementor\/assets\/css\/widget-icon-box.min.css\">\t\t<div class=\"elementor-icon-box-wrapper\">\n\t\t\t\t\t\t<div class=\"elementor-icon-box-icon\">\n\t\t\t\t<span  class=\"elementor-icon elementor-animation-\">\n\t\t\t\t<i aria-hidden=\"true\" class=\"tb-icon tb-icon-zz-za-check\"><\/i>\t\t\t\t<\/span>\n\t\t\t<\/div>\n\t\t\t\t\t\t<div class=\"elementor-icon-box-content\">\n\t\t\t\t<h3 class=\"elementor-icon-box-title\">\n\t\t\t\t\t<span  >\n\t\t\t\t\t\tZapewnienie jako\u015bci\t\t\t\t\t<\/span>\n\t\t\t\t<\/h3>\n\t\t\t\t\t\t\t\t\t<p class=\"elementor-icon-box-description\">\n\t\t\t\t\t\tKupuj\u0105c Nembutal online, zas\u0142ugujesz tylko na to, co najlepsze. W kaufennembutal.com priorytetowo traktujemy jako\u015b\u0107. Nasze produkty przechodz\u0105 rygorystyczne testy, aby zapewni\u0107 czysto\u015b\u0107 i moc, dzi\u0119ki czemu mo\u017cesz by\u0107 spokojny przy ka\u017cdym zakupie.\t\t\t\t\t<\/p>\n\t\t\t\t\t\t\t<\/div>\n\t\t<\/div>\n\t\t\t\t<\/div>\n\t\t\t\t<\/div>\n\t\t\t\t\t<\/div>\n\t\t<\/div>\n\t\t\t\t<div class=\"elementor-column elementor-col-33 elementor-inner-column elementor-element elementor-element-a938e4d\" data-id=\"a938e4d\" data-element_type=\"column\">\n\t\t\t<div class=\"elementor-widget-wrap elementor-element-populated\">\n\t\t\t\t\t\t<div class=\"elementor-element elementor-element-4528986 elementor-view-default elementor-position-top elementor-mobile-position-top elementor-widget elementor-widget-icon-box\" data-id=\"4528986\" data-element_type=\"widget\" data-widget_type=\"icon-box.default\">\n\t\t\t\t<div class=\"elementor-widget-container\">\n\t\t\t\t\t<div class=\"elementor-icon-box-wrapper\">\n\t\t\t\t\t\t<div class=\"elementor-icon-box-icon\">\n\t\t\t\t<span  class=\"elementor-icon elementor-animation-\">\n\t\t\t\t<i aria-hidden=\"true\" class=\"sim-icon icon-lock\"><\/i>\t\t\t\t<\/span>\n\t\t\t<\/div>\n\t\t\t\t\t\t<div class=\"elementor-icon-box-content\">\n\t\t\t\t<h3 class=\"elementor-icon-box-title\">\n\t\t\t\t\t<span  >\n\t\t\t\t\t\tBezpieczny proces zamawiania\t\t\t\t\t<\/span>\n\t\t\t\t<\/h3>\n\t\t\t\t\t\t\t\t\t<p class=\"elementor-icon-box-description\">\n\t\t\t\t\t\tMartwisz si\u0119 o bezpiecze\u0144stwo swoich danych osobowych? Zapewniamy, \u017ce nasz proces zamawiania jest ca\u0142kowicie bezpieczny. Twoja prywatno\u015b\u0107 jest naszym najwy\u017cszym priorytetem i korzystamy z najnowszej technologii szyfrowania, aby chroni\u0107 Twoje dane.\t\t\t\t\t<\/p>\n\t\t\t\t\t\t\t<\/div>\n\t\t<\/div>\n\t\t\t\t<\/div>\n\t\t\t\t<\/div>\n\t\t\t\t\t<\/div>\n\t\t<\/div>\n\t\t\t\t<div class=\"elementor-column elementor-col-33 elementor-inner-column elementor-element elementor-element-a7e6a1e\" data-id=\"a7e6a1e\" data-element_type=\"column\">\n\t\t\t<div class=\"elementor-widget-wrap elementor-element-populated\">\n\t\t\t\t\t\t<div class=\"elementor-element elementor-element-5dcd675 elementor-view-default elementor-position-top elementor-mobile-position-top elementor-widget elementor-widget-icon-box\" data-id=\"5dcd675\" data-element_type=\"widget\" data-widget_type=\"icon-box.default\">\n\t\t\t\t<div class=\"elementor-widget-container\">\n\t\t\t\t\t<div class=\"elementor-icon-box-wrapper\">\n\t\t\t\t\t\t<div class=\"elementor-icon-box-icon\">\n\t\t\t\t<span  class=\"elementor-icon elementor-animation-\">\n\t\t\t\t<i aria-hidden=\"true\" class=\"tb-icon tb-icon-zz-list\"><\/i>\t\t\t\t<\/span>\n\t\t\t<\/div>\n\t\t\t\t\t\t<div class=\"elementor-icon-box-content\">\n\t\t\t\t<h3 class=\"elementor-icon-box-title\">\n\t\t\t\t\t<span  >\n\t\t\t\t\t\tDu\u017cy wyb\u00f3r\t\t\t\t\t<\/span>\n\t\t\t\t<\/h3>\n\t\t\t\t\t\t\t\t\t<p class=\"elementor-icon-box-description\">\n\t\t\t\t\t\tNiezale\u017cnie od tego, czy chcesz kupi\u0107 Nembutal do u\u017cytku osobistego, czy do cel\u00f3w badawczych, trafi\u0142e\u015b we w\u0142a\u015bciwe miejsce na KaufenNembutal.com. Nasza szeroka oferta obejmuje r\u00f3\u017cne formy i ilo\u015bci, aby zaspokoi\u0107 Twoje potrzeby. Wystarczy kilka klikni\u0119\u0107, aby znale\u017a\u0107 idealny produkt.\t\t\t\t\t<\/p>\n\t\t\t\t\t\t\t<\/div>\n\t\t<\/div>\n\t\t\t\t<\/div>\n\t\t\t\t<\/div>\n\t\t\t\t\t<\/div>\n\t\t<\/div>\n\t\t\t\t\t<\/div>\n\t\t<\/section>\n\t\t\t\t<section class=\"elementor-section elementor-inner-section elementor-element elementor-element-21eaeca elementor-section-boxed elementor-section-height-default elementor-section-height-default\" data-id=\"21eaeca\" data-element_type=\"section\">\n\t\t\t\t\t\t<div class=\"elementor-container elementor-column-gap-no\">\n\t\t\t\t\t<div class=\"elementor-column elementor-col-33 elementor-inner-column elementor-element elementor-element-bacc492\" data-id=\"bacc492\" data-element_type=\"column\">\n\t\t\t<div class=\"elementor-widget-wrap elementor-element-populated\">\n\t\t\t\t\t\t<div class=\"elementor-element elementor-element-f386e0d elementor-view-default elementor-position-top elementor-mobile-position-top elementor-widget elementor-widget-icon-box\" data-id=\"f386e0d\" data-element_type=\"widget\" data-widget_type=\"icon-box.default\">\n\t\t\t\t<div class=\"elementor-widget-container\">\n\t\t\t\t\t<div class=\"elementor-icon-box-wrapper\">\n\t\t\t\t\t\t<div class=\"elementor-icon-box-icon\">\n\t\t\t\t<span  class=\"elementor-icon elementor-animation-\">\n\t\t\t\t<i aria-hidden=\"true\" class=\"sim-icon icon-plane\"><\/i>\t\t\t\t<\/span>\n\t\t\t<\/div>\n\t\t\t\t\t\t<div class=\"elementor-icon-box-content\">\n\t\t\t\t<h3 class=\"elementor-icon-box-title\">\n\t\t\t\t\t<span  >\n\t\t\t\t\t\tSzybka i dyskretna wysy\u0142ka\t\t\t\t\t<\/span>\n\t\t\t\t<\/h3>\n\t\t\t\t\t\t\t\t\t<p class=\"elementor-icon-box-description\">\n\t\t\t\t\t\tRozumiemy pilno\u015b\u0107 Twojego zam\u00f3wienia i dlatego oferujemy szybk\u0105 i dyskretn\u0105 wysy\u0142k\u0119 na ca\u0142y \u015bwiat. Niezale\u017cnie od tego, czy mieszkasz we Francji, czy gdziekolwiek indziej na \u015bwiecie, mo\u017cesz polega\u0107 na KaufenNembutal.com, aby bezpiecznie i szybko dostarczy\u0107 sw\u00f3j Nembutal.\t\t\t\t\t<\/p>\n\t\t\t\t\t\t\t<\/div>\n\t\t<\/div>\n\t\t\t\t<\/div>\n\t\t\t\t<\/div>\n\t\t\t\t\t<\/div>\n\t\t<\/div>\n\t\t\t\t<div class=\"elementor-column elementor-col-33 elementor-inner-column elementor-element elementor-element-dd26592\" data-id=\"dd26592\" data-element_type=\"column\">\n\t\t\t<div class=\"elementor-widget-wrap elementor-element-populated\">\n\t\t\t\t\t\t<div class=\"elementor-element elementor-element-734b5eb elementor-view-default elementor-position-top elementor-mobile-position-top elementor-widget elementor-widget-icon-box\" data-id=\"734b5eb\" data-element_type=\"widget\" data-widget_type=\"icon-box.default\">\n\t\t\t\t<div class=\"elementor-widget-container\">\n\t\t\t\t\t<div class=\"elementor-icon-box-wrapper\">\n\t\t\t\t\t\t<div class=\"elementor-icon-box-icon\">\n\t\t\t\t<span  class=\"elementor-icon elementor-animation-\">\n\t\t\t\t<i aria-hidden=\"true\" class=\"sim-icon icon-handbag\"><\/i>\t\t\t\t<\/span>\n\t\t\t<\/div>\n\t\t\t\t\t\t<div class=\"elementor-icon-box-content\">\n\t\t\t\t<h3 class=\"elementor-icon-box-title\">\n\t\t\t\t\t<span  >\n\t\t\t\t\t\tLegalne \u017ar\u00f3d\u0142o\t\t\t\t\t<\/span>\n\t\t\t\t<\/h3>\n\t\t\t\t\t\t\t\t\t<p class=\"elementor-icon-box-description\">\n\t\t\t\t\t\tNie ryzykuj z podejrzanymi dostawcami. BuyNembutal.com to renomowany sklep z Nembutalem, ciesz\u0105cy si\u0119 reputacj\u0105 niezawodnego i godnego zaufania. Kupuj\u0105c Nembutal legalnie od nas, mo\u017cesz zaufa\u0107 autentyczno\u015bci naszych produkt\u00f3w.\t\t\t\t\t<\/p>\n\t\t\t\t\t\t\t<\/div>\n\t\t<\/div>\n\t\t\t\t<\/div>\n\t\t\t\t<\/div>\n\t\t\t\t\t<\/div>\n\t\t<\/div>\n\t\t\t\t<div class=\"elementor-column elementor-col-33 elementor-inner-column elementor-element elementor-element-03cc715\" data-id=\"03cc715\" data-element_type=\"column\">\n\t\t\t<div class=\"elementor-widget-wrap elementor-element-populated\">\n\t\t\t\t\t\t<div class=\"elementor-element elementor-element-2adb60b elementor-view-default elementor-position-top elementor-mobile-position-top elementor-widget elementor-widget-icon-box\" data-id=\"2adb60b\" data-element_type=\"widget\" data-widget_type=\"icon-box.default\">\n\t\t\t\t<div class=\"elementor-widget-container\">\n\t\t\t\t\t<div class=\"elementor-icon-box-wrapper\">\n\t\t\t\t\t\t<div class=\"elementor-icon-box-icon\">\n\t\t\t\t<span  class=\"elementor-icon elementor-animation-\">\n\t\t\t\t<i aria-hidden=\"true\" class=\"tb-icon tb-icon-support\"><\/i>\t\t\t\t<\/span>\n\t\t\t<\/div>\n\t\t\t\t\t\t<div class=\"elementor-icon-box-content\">\n\t\t\t\t<h3 class=\"elementor-icon-box-title\">\n\t\t\t\t\t<span  >\n\t\t\t\t\t\tWyj\u0105tkowa obs\u0142uga klienta\t\t\t\t\t<\/span>\n\t\t\t\t<\/h3>\n\t\t\t\t\t\t\t\t\t<p class=\"elementor-icon-box-description\">\n\t\t\t\t\t\tMasz jakie\u015b pytania lub w\u0105tpliwo\u015bci? Nasz dedykowany zesp\u00f3\u0142 obs\u0142ugi klienta jest tutaj, aby pom\u00f3c. Od pomocy przy zam\u00f3wieniach po zapytania dotycz\u0105ce specyfikacji produkt\u00f3w, staramy si\u0119 zapewni\u0107 wsparcie, kt\u00f3rego potrzebujesz na ka\u017cdym kroku.\t\t\t\t\t<\/p>\n\t\t\t\t\t\t\t<\/div>\n\t\t<\/div>\n\t\t\t\t<\/div>\n\t\t\t\t<\/div>\n\t\t\t\t\t<\/div>\n\t\t<\/div>\n\t\t\t\t\t<\/div>\n\t\t<\/section>\n\t\t\t\t\t<\/div>\n\t\t<\/div>\n\t\t\t\t\t<\/div>\n\t\t<\/section>\n\t\t\t\t<\/div>","protected":false},"excerpt":{"rendered":"<p>Witamy w BuyNembutal Witamy na Example.com, g\u0142\u00f3wnym miejscu zakupu Nembutalu online. Jeste\u015bmy dumni z tego, \u017ce jeste\u015bmy zaufanym \u017ar\u00f3d\u0142em dla tych, kt\u00f3rzy chc\u0105 legalnie i bezpiecznie kupi\u0107 Nembutal. Dzi\u0119ki naszemu zaanga\u017cowaniu w jako\u015b\u0107, niezawodno\u015b\u0107 i satysfakcj\u0119 klienta, stali\u015bmy si\u0119 sklepem Nembutal, obs\u0142uguj\u0105cym klient\u00f3w nie tylko we Francji, ale na ca\u0142ym \u015bwiecie. <a href=\"https:\/\/kaufennembutal.com\/pl\/o-nas\/\" class=\"more-link\">Czytaj dalej <span class=\"screen-reader-text\">O nas<\/span><\/a><\/p>","protected":false},"author":1,"featured_media":0,"parent":0,"menu_order":0,"comment_status":"closed","ping_status":"closed","template":"","meta":{"footnotes":""},"class_list":["post-610","page","type-page","status-publish","hentry"],"yoast_head":"<!-- This site is optimized with the Yoast SEO plugin v26.1.1 - https:\/\/yoast.com\/wordpress\/plugins\/seo\/ -->\n<title>\u00dcber uns - Kaufen Nembutal<\/title>\n<meta name=\"robots\" content=\"index, follow, max-snippet:-1, max-image-preview:large, max-video-preview:-1\" \/>\n<link rel=\"canonical\" href=\"https:\/\/kaufennembutal.com\/pl\/o-nas\/\" \/>\n<meta property=\"og:locale\" content=\"pl_PL\" \/>\n<meta property=\"og:type\" content=\"article\" \/>\n<meta property=\"og:title\" content=\"\u00dcber uns - Kaufen Nembutal\" \/>\n<meta property=\"og:description\" content=\"Willkommen zu KaufenNembutal Welcome to Example.com, your premier destination for purchasing Nembutal online. We pride ourselves on being a trusted source for those seeking to buy Nembutal legally and securely. With our dedication to quality, reliability, and customer satisfaction, we&#8217;ve established ourselves as the go-to Nembutal store, serving customers not only in France but worldwide.At &hellip; Continue reading \u00dcber uns\" \/>\n<meta property=\"og:url\" content=\"https:\/\/kaufennembutal.com\/pl\/o-nas\/\" \/>\n<meta property=\"og:site_name\" content=\"Kaufen Nembutal\" \/>\n<meta property=\"article:modified_time\" content=\"2024-01-31T07:59:26+00:00\" \/>\n<meta name=\"twitter:card\" content=\"summary_large_image\" \/>\n<meta name=\"twitter:label1\" content=\"Szacowany czas czytania\" \/>\n\t<meta name=\"twitter:data1\" content=\"3 minuty\" \/>\n<script type=\"application\/ld+json\" class=\"yoast-schema-graph\">{\"@context\":\"https:\/\/schema.org\",\"@graph\":[{\"@type\":\"WebPage\",\"@id\":\"https:\/\/kaufennembutal.com\/uber-uns\/\",\"url\":\"https:\/\/kaufennembutal.com\/uber-uns\/\",\"name\":\"\u00dcber uns - Kaufen Nembutal\",\"isPartOf\":{\"@id\":\"https:\/\/kaufennembutal.com\/#website\"},\"datePublished\":\"2021-08-26T09:00:12+00:00\",\"dateModified\":\"2024-01-31T07:59:26+00:00\",\"breadcrumb\":{\"@id\":\"https:\/\/kaufennembutal.com\/uber-uns\/#breadcrumb\"},\"inLanguage\":\"pl-PL\",\"potentialAction\":[{\"@type\":\"ReadAction\",\"target\":[\"https:\/\/kaufennembutal.com\/uber-uns\/\"]}]},{\"@type\":\"BreadcrumbList\",\"@id\":\"https:\/\/kaufennembutal.com\/uber-uns\/#breadcrumb\",\"itemListElement\":[{\"@type\":\"ListItem\",\"position\":1,\"name\":\"Home\",\"item\":\"https:\/\/kaufennembutal.com\/\"},{\"@type\":\"ListItem\",\"position\":2,\"name\":\"\u00dcber uns\"}]},{\"@type\":\"WebSite\",\"@id\":\"https:\/\/kaufennembutal.com\/#website\",\"url\":\"https:\/\/kaufennembutal.com\/\",\"name\":\"Kaufen Nembutal\",\"description\":\"Nembutal Kaufen Online\",\"potentialAction\":[{\"@type\":\"SearchAction\",\"target\":{\"@type\":\"EntryPoint\",\"urlTemplate\":\"https:\/\/kaufennembutal.com\/?s={search_term_string}\"},\"query-input\":{\"@type\":\"PropertyValueSpecification\",\"valueRequired\":true,\"valueName\":\"search_term_string\"}}],\"inLanguage\":\"pl-PL\"}]}<\/script>\n<!-- \/ Yoast SEO plugin. -->","yoast_head_json":{"title":"O nas - Kup Nembutal","robots":{"index":"index","follow":"follow","max-snippet":"max-snippet:-1","max-image-preview":"max-image-preview:large","max-video-preview":"max-video-preview:-1"},"canonical":"https:\/\/kaufennembutal.com\/pl\/o-nas\/","og_locale":"pl_PL","og_type":"article","og_title":"\u00dcber uns - Kaufen Nembutal","og_description":"Willkommen zu KaufenNembutal Welcome to Example.com, your premier destination for purchasing Nembutal online. We pride ourselves on being a trusted source for those seeking to buy Nembutal legally and securely. With our dedication to quality, reliability, and customer satisfaction, we&#8217;ve established ourselves as the go-to Nembutal store, serving customers not only in France but worldwide.At &hellip; Continue reading \u00dcber uns","og_url":"https:\/\/kaufennembutal.com\/pl\/o-nas\/","og_site_name":"Kaufen Nembutal","article_modified_time":"2024-01-31T07:59:26+00:00","twitter_card":"summary_large_image","twitter_misc":{"Szacowany czas czytania":"3 minuty"},"schema":{"@context":"https:\/\/schema.org","@graph":[{"@type":"WebPage","@id":"https:\/\/kaufennembutal.com\/uber-uns\/","url":"https:\/\/kaufennembutal.com\/uber-uns\/","name":"O nas - Kup Nembutal","isPartOf":{"@id":"https:\/\/kaufennembutal.com\/#website"},"datePublished":"2021-08-26T09:00:12+00:00","dateModified":"2024-01-31T07:59:26+00:00","breadcrumb":{"@id":"https:\/\/kaufennembutal.com\/uber-uns\/#breadcrumb"},"inLanguage":"pl-PL","potentialAction":[{"@type":"ReadAction","target":["https:\/\/kaufennembutal.com\/uber-uns\/"]}]},{"@type":"BreadcrumbList","@id":"https:\/\/kaufennembutal.com\/uber-uns\/#breadcrumb","itemListElement":[{"@type":"ListItem","position":1,"name":"Home","item":"https:\/\/kaufennembutal.com\/"},{"@type":"ListItem","position":2,"name":"\u00dcber uns"}]},{"@type":"WebSite","@id":"https:\/\/kaufennembutal.com\/#website","url":"https:\/\/kaufennembutal.com\/","name":"Kup Nembutal","description":"Kup Nembutal online","potentialAction":[{"@type":"SearchAction","target":{"@type":"EntryPoint","urlTemplate":"https:\/\/kaufennembutal.com\/?s={search_term_string}"},"query-input":{"@type":"PropertyValueSpecification","valueRequired":true,"valueName":"search_term_string"}}],"inLanguage":"pl-PL"}]}},"_links":{"self":[{"href":"https:\/\/kaufennembutal.com\/pl\/wp-json\/wp\/v2\/pages\/610","targetHints":{"allow":["GET"]}}],"collection":[{"href":"https:\/\/kaufennembutal.com\/pl\/wp-json\/wp\/v2\/pages"}],"about":[{"href":"https:\/\/kaufennembutal.com\/pl\/wp-json\/wp\/v2\/types\/page"}],"author":[{"embeddable":true,"href":"https:\/\/kaufennembutal.com\/pl\/wp-json\/wp\/v2\/users\/1"}],"replies":[{"embeddable":true,"href":"https:\/\/kaufennembutal.com\/pl\/wp-json\/wp\/v2\/comments?post=610"}],"version-history":[{"count":28,"href":"https:\/\/kaufennembutal.com\/pl\/wp-json\/wp\/v2\/pages\/610\/revisions"}],"predecessor-version":[{"id":4785,"href":"https:\/\/kaufennembutal.com\/pl\/wp-json\/wp\/v2\/pages\/610\/revisions\/4785"}],"wp:attachment":[{"href":"https:\/\/kaufennembutal.com\/pl\/wp-json\/wp\/v2\/media?parent=610"}],"curies":[{"name":"wp","href":"https:\/\/api.w.org\/{rel}","templated":true}]}}