{"id":616,"date":"2021-08-26T09:00:39","date_gmt":"2021-08-26T09:00:39","guid":{"rendered":"https:\/\/el3.thembaydev.com\/greenmart_fresh\/?page_id=616"},"modified":"2025-11-14T05:49:33","modified_gmt":"2025-11-14T05:49:33","slug":"kontaktiere-uns","status":"publish","type":"page","link":"https:\/\/kaufennembutal.com\/nl\/contact-met-ons-opnemen\/","title":{"rendered":"Neem contact met ons op"},"content":{"rendered":"<div data-elementor-type=\"wp-page\" data-elementor-id=\"616\" class=\"elementor elementor-616\">\n\t\t\t\t\t\t<section class=\"elementor-section elementor-top-section elementor-element elementor-element-6e06a91f elementor-section-boxed elementor-section-height-default elementor-section-height-default\" data-id=\"6e06a91f\" data-element_type=\"section\">\n\t\t\t\t\t\t<div class=\"elementor-container elementor-column-gap-no\">\n\t\t\t\t\t<div class=\"elementor-column elementor-col-33 elementor-top-column elementor-element elementor-element-3a2f989c\" data-id=\"3a2f989c\" data-element_type=\"column\">\n\t\t\t<div class=\"elementor-widget-wrap elementor-element-populated\">\n\t\t\t\t\t\t<div class=\"elementor-element elementor-element-3b73e202 elementor-icon-list--layout-traditional elementor-list-item-link-full_width elementor-widget elementor-widget-icon-list\" data-id=\"3b73e202\" data-element_type=\"widget\" data-widget_type=\"icon-list.default\">\n\t\t\t\t<div class=\"elementor-widget-container\">\n\t\t\t<link rel=\"stylesheet\" href=\"https:\/\/kaufennembutal.com\/wp-content\/plugins\/elementor\/assets\/css\/widget-icon-list.min.css\">\t\t<ul class=\"elementor-icon-list-items\">\n\t\t\t\t\t\t\t<li class=\"elementor-icon-list-item\">\n\t\t\t\t\t\t\t\t\t\t\t<span class=\"elementor-icon-list-icon\">\n\t\t\t\t\t\t\t<i aria-hidden=\"true\" class=\"tb-icon tb-icon-zz-ilocation\"><\/i>\t\t\t\t\t\t<\/span>\n\t\t\t\t\t\t\t\t\t\t<span class=\"elementor-icon-list-text\">Adres<\/span>\n\t\t\t\t\t\t\t\t\t<\/li>\n\t\t\t\t\t\t<\/ul>\n\t\t\t\t<\/div>\n\t\t\t\t<\/div>\n\t\t\t\t<div class=\"elementor-element elementor-element-4e4333fb elementor-widget elementor-widget-text-editor\" data-id=\"4e4333fb\" data-element_type=\"widget\" data-widget_type=\"text-editor.default\">\n\t\t\t\t<div class=\"elementor-widget-container\">\n\t\t\t<style>\/*! elementor - v3.19.0 - 29-01-2024 *\/\n.elementor-widget-text-editor.elementor-drop-cap-view-stacked .elementor-drop-cap{background-color:#69727d;color:#fff}.elementor-widget-text-editor.elementor-drop-cap-view-framed .elementor-drop-cap{color:#69727d;border:3px solid;background-color:transparent}.elementor-widget-text-editor:not(.elementor-drop-cap-view-default) .elementor-drop-cap{margin-top:8px}.elementor-widget-text-editor:not(.elementor-drop-cap-view-default) .elementor-drop-cap-letter{width:1em;height:1em}.elementor-widget-text-editor .elementor-drop-cap{float:left;text-align:center;line-height:1;font-size:50px}.elementor-widget-text-editor .elementor-drop-cap-letter{display:inline-block}<\/style>\t\t\t\t<p>Haasstrasse 2, Darmstadt, Hessen 64293 (Duitsland)<\/p>\t\t\t\t\t\t<\/div>\n\t\t\t\t<\/div>\n\t\t\t\t\t<\/div>\n\t\t<\/div>\n\t\t\t\t<div class=\"elementor-column elementor-col-33 elementor-top-column elementor-element elementor-element-4ccb45d4\" data-id=\"4ccb45d4\" data-element_type=\"column\">\n\t\t\t<div class=\"elementor-widget-wrap elementor-element-populated\">\n\t\t\t\t\t\t<div class=\"elementor-element elementor-element-2683c8b5 elementor-icon-list--layout-traditional elementor-list-item-link-full_width elementor-widget elementor-widget-icon-list\" data-id=\"2683c8b5\" data-element_type=\"widget\" data-widget_type=\"icon-list.default\">\n\t\t\t\t<div class=\"elementor-widget-container\">\n\t\t\t\t\t<ul class=\"elementor-icon-list-items\">\n\t\t\t\t\t\t\t<li class=\"elementor-icon-list-item\">\n\t\t\t\t\t\t\t\t\t\t\t<span class=\"elementor-icon-list-icon\">\n\t\t\t\t\t\t\t<i aria-hidden=\"true\" class=\"tb-icon tb-icon-zz-ilocation\"><\/i>\t\t\t\t\t\t<\/span>\n\t\t\t\t\t\t\t\t\t\t<span class=\"elementor-icon-list-text\">e-mail<\/span>\n\t\t\t\t\t\t\t\t\t<\/li>\n\t\t\t\t\t\t<\/ul>\n\t\t\t\t<\/div>\n\t\t\t\t<\/div>\n\t\t\t\t<div class=\"elementor-element elementor-element-33416e11 elementor-widget elementor-widget-text-editor\" data-id=\"33416e11\" data-element_type=\"widget\" data-widget_type=\"text-editor.default\">\n\t\t\t\t<div class=\"elementor-widget-container\">\n\t\t\t\t\t\t\t<p>kontakt@kaufennembutal.com<\/p>\t\t\t\t\t\t<\/div>\n\t\t\t\t<\/div>\n\t\t\t\t\t<\/div>\n\t\t<\/div>\n\t\t\t\t<div class=\"elementor-column elementor-col-33 elementor-top-column elementor-element elementor-element-519db687\" data-id=\"519db687\" data-element_type=\"column\">\n\t\t\t<div class=\"elementor-widget-wrap elementor-element-populated\">\n\t\t\t\t\t\t<div class=\"elementor-element elementor-element-321e35eb elementor-widget elementor-widget-heading\" data-id=\"321e35eb\" data-element_type=\"widget\" data-widget_type=\"heading.default\">\n\t\t\t\t<div class=\"elementor-widget-container\">\n\t\t\t<style>\/*! elementor - v3.19.0 - 29-01-2024 *\/\n.elementor-heading-title{padding:0;margin:0;line-height:1}.elementor-widget-heading .elementor-heading-title[class*=elementor-size-]>a{color:inherit;font-size:inherit;line-height:inherit}.elementor-widget-heading .elementor-heading-title.elementor-size-small{font-size:15px}.elementor-widget-heading .elementor-heading-title.elementor-size-medium{font-size:19px}.elementor-widget-heading .elementor-heading-title.elementor-size-large{font-size:29px}.elementor-widget-heading .elementor-heading-title.elementor-size-xl{font-size:39px}.elementor-widget-heading .elementor-heading-title.elementor-size-xxl{font-size:59px}<\/style><h3 class=\"elementor-heading-title elementor-size-default\">Openingstijden<\/h3>\t\t<\/div>\n\t\t\t\t<\/div>\n\t\t\t\t<div class=\"elementor-element elementor-element-78bce515 elementor-widget elementor-widget-text-editor\" data-id=\"78bce515\" data-element_type=\"widget\" data-widget_type=\"text-editor.default\">\n\t\t\t\t<div class=\"elementor-widget-container\">\n\t\t\t\t\t\t\t<p>De openingstijden van de winkel zijn van 9.00 tot 18.00 uur.<\/p>\t\t\t\t\t\t<\/div>\n\t\t\t\t<\/div>\n\t\t\t\t\t<\/div>\n\t\t<\/div>\n\t\t\t\t\t<\/div>\n\t\t<\/section>\n\t\t\t\t<section class=\"elementor-section elementor-top-section elementor-element elementor-element-5468bf46 elementor-section-boxed elementor-section-height-default elementor-section-height-default\" data-id=\"5468bf46\" data-element_type=\"section\">\n\t\t\t\t\t\t<div class=\"elementor-container elementor-column-gap-no\">\n\t\t\t\t\t<div class=\"elementor-column elementor-col-50 elementor-top-column elementor-element elementor-element-30538172\" data-id=\"30538172\" data-element_type=\"column\" data-settings=\"{&quot;background_background&quot;:&quot;classic&quot;}\">\n\t\t\t<div class=\"elementor-widget-wrap elementor-element-populated\">\n\t\t\t\t\t\t<div class=\"elementor-element elementor-element-5765701f elementor-widget elementor-widget-tbay-heading\" data-id=\"5765701f\" data-element_type=\"widget\" data-widget_type=\"tbay-heading.default\">\n\t\t\t\t<div class=\"elementor-widget-container\">\n\t\t\t\r\n<div class=\"tbay-element tbay-element-heading\">\r\n\t\t\t\t<h3 class=\"heading-tbay-title\">\r\n\t\t\t\t\t\t\t\t\t<span class=\"title\">Heb je een vraag?<\/span>\r\n\t\t\t\t\t    \t\r\n\t\t\t\t\t\t\t\t\t<span class=\"subtitle\">Je e-mailadres wordt niet gepubliceerd. Verplichte velden zijn gemarkeerd*<\/span>\r\n\t\t\t\t\t\t\t<\/h3>\r\n\t\t<\/div>\t\t<\/div>\n\t\t\t\t<\/div>\n\t\t\t\t<div class=\"elementor-element elementor-element-2f6a30b elementor-widget elementor-widget-shortcode\" data-id=\"2f6a30b\" data-element_type=\"widget\" data-widget_type=\"shortcode.default\">\n\t\t\t\t<div class=\"elementor-widget-container\">\n\t\t\t\t\t<div class=\"elementor-shortcode\">\n<div class=\"wpcf7 no-js\" id=\"wpcf7-f4625-o1\" lang=\"en-US\" dir=\"ltr\">\n<div class=\"screen-reader-response\"><p role=\"status\" aria-live=\"polite\" aria-atomic=\"true\"><\/p> <ul><\/ul><\/div>\n<form action=\"\/nl\/wp-json\/wp\/v2\/pages\/616#wpcf7-f4625-o1\" method=\"post\" class=\"wpcf7-form init\" aria-label=\"Contactformulier\" novalidate=\"novalidate\" data-status=\"init\" data-trp-original-action=\"\/nl\/wp-json\/wp\/v2\/pages\/616#wpcf7-f4625-o1\">\n<div style=\"display: none;\">\n<input type=\"hidden\" name=\"_wpcf7\" value=\"4625\" \/>\n<input type=\"hidden\" name=\"_wpcf7_version\" value=\"5.9.8\" \/>\n<input type=\"hidden\" name=\"_wpcf7_locale\" value=\"en_US\" \/>\n<input type=\"hidden\" name=\"_wpcf7_unit_tag\" value=\"wpcf7-f4625-o1\" \/>\n<input type=\"hidden\" name=\"_wpcf7_container_post\" value=\"0\" \/>\n<input type=\"hidden\" name=\"_wpcf7_posted_data_hash\" value=\"\" \/>\n<\/div>\n<div class=\"form-horizontal row\">\n\t<div class=\"col-12\">\n\t\t<p><span class=\"wpcf7-form-control-wrap\" data-name=\"text-59\"><input size=\"40\" maxlength=\"400\" class=\"wpcf7-form-control wpcf7-text wpcf7-validates-as-required\" aria-required=\"true\" aria-invalid=\"false\" placeholder=\"Naam*\" value=\"\" type=\"text\" name=\"text-59\" \/><\/span>\n\t\t<\/p>\n\t<\/div>\n\t<div class=\"col-12\">\n\t\t<p><span class=\"wpcf7-form-control-wrap\" data-name=\"email-191\"><input size=\"40\" maxlength=\"400\" class=\"wpcf7-form-control wpcf7-email wpcf7-validates-as-required wpcf7-text wpcf7-validates-as-email\" aria-required=\"true\" aria-invalid=\"false\" placeholder=\"E-mail*\" value=\"\" type=\"email\" name=\"email-191\" \/><\/span>\n\t\t<\/p>\n\t<\/div>\n\t<div class=\"col-12\">\n\t\t<p><span class=\"wpcf7-form-control-wrap\" data-name=\"text-590\"><input size=\"40\" maxlength=\"400\" class=\"wpcf7-form-control wpcf7-text wpcf7-validates-as-required\" aria-required=\"true\" aria-invalid=\"false\" placeholder=\"Onderwerp\" value=\"\" type=\"text\" name=\"text-590\" \/><\/span>\n\t\t<\/p>\n\t<\/div>\n\t<div class=\"col-12\">\n\t\t<p><span class=\"wpcf7-form-control-wrap\" data-name=\"textarea-838\"><textarea cols=\"40\" rows=\"10\" maxlength=\"2000\" class=\"wpcf7-form-control wpcf7-textarea\" aria-invalid=\"false\" placeholder=\"Bericht*\" name=\"textarea-838\"><\/textarea><\/span>\n\t\t<\/p>\n\t<\/div>\n\t<div class=\"col-12\">\n\t\t<p><input class=\"wpcf7-form-control wpcf7-submit has-spinner\" type=\"submit\" value=\"Vraag indienen\" \/>\n\t\t<\/p>\n\t<\/div>\n<\/div><div class=\"wpcf7-response-output\" aria-hidden=\"true\"><\/div>\n<input type=\"hidden\" name=\"trp-form-language\" value=\"nl\"\/><\/form>\n<\/div>\n<\/div>\n\t\t\t\t<\/div>\n\t\t\t\t<\/div>\n\t\t\t\t\t<\/div>\n\t\t<\/div>\n\t\t\t\t<div class=\"elementor-column elementor-col-50 elementor-top-column elementor-element elementor-element-2e3cfafb\" data-id=\"2e3cfafb\" data-element_type=\"column\">\n\t\t\t<div class=\"elementor-widget-wrap elementor-element-populated\">\n\t\t\t\t\t\t<div class=\"elementor-element elementor-element-9ca6f78 elementor-widget elementor-widget-google_maps\" data-id=\"9ca6f78\" data-element_type=\"widget\" data-widget_type=\"google_maps.default\">\n\t\t\t\t<div class=\"elementor-widget-container\">\n\t\t\t<style>\/*! elementor - v3.19.0 - 29-01-2024 *\/\n.elementor-widget-google_maps .elementor-widget-container{overflow:hidden}.elementor-widget-google_maps .elementor-custom-embed{line-height:0}.elementor-widget-google_maps iframe{height:300px}<\/style>\t\t<div class=\"elementor-custom-embed\">\n\t\t\t<iframe loading=\"lazy\"\n\t\t\t\t\tsrc=\"https:\/\/maps.google.com\/maps?q=Haasstrasse%202%2C%20Darmstadt%2C%20Hesse%2064293%20%28Germany%29&#038;t=m&#038;z=10&#038;output=embed&#038;iwloc=near\"\n\t\t\t\t\ttitle=\"Haasstrasse 2, Darmstadt, Hessen 64293 (Duitsland)\"\n\t\t\t\t\taria-label=\"Haasstrasse 2, Darmstadt, Hessen 64293 (Duitsland)\"\n\t\t\t><\/iframe>\n\t\t<\/div>\n\t\t\t\t<\/div>\n\t\t\t\t<\/div>\n\t\t\t\t\t<\/div>\n\t\t<\/div>\n\t\t\t\t\t<\/div>\n\t\t<\/section>\n\t\t\t\t<\/div>","protected":false},"excerpt":{"rendered":"<p>Adresse Haasstrasse 2, Darmstadt, Hesse 64293 (Germany) Email kontakt@kaufennembutal.com \u00d6ffnungszeiten Die \u00d6ffnungszeiten des Ladens sind 9.00 bis 18.00 Uhr. Eine Frage haben? Deine Email-Adresse wird nicht ver\u00f6ffentlicht. Erforderliche Felder sind markiert*<\/p>","protected":false},"author":1,"featured_media":0,"parent":0,"menu_order":0,"comment_status":"closed","ping_status":"closed","template":"","meta":{"footnotes":""},"class_list":["post-616","page","type-page","status-publish","hentry"],"yoast_head":"<!-- This site is optimized with the Yoast SEO plugin v26.1.1 - https:\/\/yoast.com\/wordpress\/plugins\/seo\/ -->\n<title>Kontaktiere uns - Kaufen Nembutal<\/title>\n<meta name=\"robots\" content=\"index, follow, max-snippet:-1, max-image-preview:large, max-video-preview:-1\" \/>\n<link rel=\"canonical\" href=\"https:\/\/kaufennembutal.com\/nl\/contact-met-ons-opnemen\/\" \/>\n<meta property=\"og:locale\" content=\"nl_BE\" \/>\n<meta property=\"og:type\" content=\"article\" \/>\n<meta property=\"og:title\" content=\"Kontaktiere uns - Kaufen Nembutal\" \/>\n<meta property=\"og:description\" content=\"Adresse Haasstrasse 2, Darmstadt, Hesse 64293 (Germany) Email kontakt@kaufennembutal.com \u00d6ffnungszeiten Die \u00d6ffnungszeiten des Ladens sind 9.00 bis 18.00 Uhr. Eine Frage haben? Deine Email-Adresse wird nicht ver\u00f6ffentlicht. Erforderliche Felder sind markiert*\" \/>\n<meta property=\"og:url\" content=\"https:\/\/kaufennembutal.com\/nl\/contact-met-ons-opnemen\/\" \/>\n<meta property=\"og:site_name\" content=\"Kaufen Nembutal\" \/>\n<meta property=\"article:modified_time\" content=\"2025-11-14T05:49:33+00:00\" \/>\n<meta name=\"twitter:card\" content=\"summary_large_image\" \/>\n<meta name=\"twitter:label1\" content=\"Geschatte leestijd\" \/>\n\t<meta name=\"twitter:data1\" content=\"1 minuut\" \/>\n<script type=\"application\/ld+json\" class=\"yoast-schema-graph\">{\"@context\":\"https:\/\/schema.org\",\"@graph\":[{\"@type\":\"WebPage\",\"@id\":\"https:\/\/kaufennembutal.com\/kontaktiere-uns\/\",\"url\":\"https:\/\/kaufennembutal.com\/kontaktiere-uns\/\",\"name\":\"Kontaktiere uns - Kaufen Nembutal\",\"isPartOf\":{\"@id\":\"https:\/\/kaufennembutal.com\/#website\"},\"datePublished\":\"2021-08-26T09:00:39+00:00\",\"dateModified\":\"2025-11-14T05:49:33+00:00\",\"breadcrumb\":{\"@id\":\"https:\/\/kaufennembutal.com\/kontaktiere-uns\/#breadcrumb\"},\"inLanguage\":\"nl-BE\",\"potentialAction\":[{\"@type\":\"ReadAction\",\"target\":[\"https:\/\/kaufennembutal.com\/kontaktiere-uns\/\"]}]},{\"@type\":\"BreadcrumbList\",\"@id\":\"https:\/\/kaufennembutal.com\/kontaktiere-uns\/#breadcrumb\",\"itemListElement\":[{\"@type\":\"ListItem\",\"position\":1,\"name\":\"Home\",\"item\":\"https:\/\/kaufennembutal.com\/\"},{\"@type\":\"ListItem\",\"position\":2,\"name\":\"Kontaktiere uns\"}]},{\"@type\":\"WebSite\",\"@id\":\"https:\/\/kaufennembutal.com\/#website\",\"url\":\"https:\/\/kaufennembutal.com\/\",\"name\":\"Kaufen Nembutal\",\"description\":\"Nembutal Kaufen Online\",\"potentialAction\":[{\"@type\":\"SearchAction\",\"target\":{\"@type\":\"EntryPoint\",\"urlTemplate\":\"https:\/\/kaufennembutal.com\/?s={search_term_string}\"},\"query-input\":{\"@type\":\"PropertyValueSpecification\",\"valueRequired\":true,\"valueName\":\"search_term_string\"}}],\"inLanguage\":\"nl-BE\"}]}<\/script>\n<!-- \/ Yoast SEO plugin. -->","yoast_head_json":{"title":"Neem contact met ons op - Nembutal kopen","robots":{"index":"index","follow":"follow","max-snippet":"max-snippet:-1","max-image-preview":"max-image-preview:large","max-video-preview":"max-video-preview:-1"},"canonical":"https:\/\/kaufennembutal.com\/nl\/contact-met-ons-opnemen\/","og_locale":"nl_BE","og_type":"article","og_title":"Kontaktiere uns - Kaufen Nembutal","og_description":"Adresse Haasstrasse 2, Darmstadt, Hesse 64293 (Germany) Email kontakt@kaufennembutal.com \u00d6ffnungszeiten Die \u00d6ffnungszeiten des Ladens sind 9.00 bis 18.00 Uhr. Eine Frage haben? Deine Email-Adresse wird nicht ver\u00f6ffentlicht. Erforderliche Felder sind markiert*","og_url":"https:\/\/kaufennembutal.com\/nl\/contact-met-ons-opnemen\/","og_site_name":"Kaufen Nembutal","article_modified_time":"2025-11-14T05:49:33+00:00","twitter_card":"summary_large_image","twitter_misc":{"Geschatte leestijd":"1 minuut"},"schema":{"@context":"https:\/\/schema.org","@graph":[{"@type":"WebPage","@id":"https:\/\/kaufennembutal.com\/kontaktiere-uns\/","url":"https:\/\/kaufennembutal.com\/kontaktiere-uns\/","name":"Neem contact met ons op - Nembutal kopen","isPartOf":{"@id":"https:\/\/kaufennembutal.com\/#website"},"datePublished":"2021-08-26T09:00:39+00:00","dateModified":"2025-11-14T05:49:33+00:00","breadcrumb":{"@id":"https:\/\/kaufennembutal.com\/kontaktiere-uns\/#breadcrumb"},"inLanguage":"nl-BE","potentialAction":[{"@type":"ReadAction","target":["https:\/\/kaufennembutal.com\/kontaktiere-uns\/"]}]},{"@type":"BreadcrumbList","@id":"https:\/\/kaufennembutal.com\/kontaktiere-uns\/#breadcrumb","itemListElement":[{"@type":"ListItem","position":1,"name":"Home","item":"https:\/\/kaufennembutal.com\/"},{"@type":"ListItem","position":2,"name":"Kontaktiere uns"}]},{"@type":"WebSite","@id":"https:\/\/kaufennembutal.com\/#website","url":"https:\/\/kaufennembutal.com\/","name":"Nembutal kopen","description":"Nembutal online kopen","potentialAction":[{"@type":"SearchAction","target":{"@type":"EntryPoint","urlTemplate":"https:\/\/kaufennembutal.com\/?s={search_term_string}"},"query-input":{"@type":"PropertyValueSpecification","valueRequired":true,"valueName":"search_term_string"}}],"inLanguage":"nl-BE"}]}},"_links":{"self":[{"href":"https:\/\/kaufennembutal.com\/nl\/wp-json\/wp\/v2\/pages\/616","targetHints":{"allow":["GET"]}}],"collection":[{"href":"https:\/\/kaufennembutal.com\/nl\/wp-json\/wp\/v2\/pages"}],"about":[{"href":"https:\/\/kaufennembutal.com\/nl\/wp-json\/wp\/v2\/types\/page"}],"author":[{"embeddable":true,"href":"https:\/\/kaufennembutal.com\/nl\/wp-json\/wp\/v2\/users\/1"}],"replies":[{"embeddable":true,"href":"https:\/\/kaufennembutal.com\/nl\/wp-json\/wp\/v2\/comments?post=616"}],"version-history":[{"count":13,"href":"https:\/\/kaufennembutal.com\/nl\/wp-json\/wp\/v2\/pages\/616\/revisions"}],"predecessor-version":[{"id":6326,"href":"https:\/\/kaufennembutal.com\/nl\/wp-json\/wp\/v2\/pages\/616\/revisions\/6326"}],"wp:attachment":[{"href":"https:\/\/kaufennembutal.com\/nl\/wp-json\/wp\/v2\/media?parent=616"}],"curies":[{"name":"wp","href":"https:\/\/api.w.org\/{rel}","templated":true}]}}