{"id":610,"date":"2021-08-26T09:00:12","date_gmt":"2021-08-26T09:00:12","guid":{"rendered":"https:\/\/el3.thembaydev.com\/greenmart_fresh\/?page_id=610"},"modified":"2024-01-31T07:59:26","modified_gmt":"2024-01-31T07:59:26","slug":"uber-uns","status":"publish","type":"page","link":"https:\/\/kaufennembutal.com\/it\/chi-siamo\/","title":{"rendered":"Chi siamo"},"content":{"rendered":"<div data-elementor-type=\"wp-page\" data-elementor-id=\"610\" class=\"elementor elementor-610\">\n\t\t\t\t\t\t<section class=\"elementor-section elementor-top-section elementor-element elementor-element-117063a elementor-section-stretched elementor-section-boxed elementor-section-height-default elementor-section-height-default\" data-id=\"117063a\" data-element_type=\"section\" data-settings=\"{&quot;stretch_section&quot;:&quot;section-stretched&quot;,&quot;background_background&quot;:&quot;classic&quot;}\">\n\t\t\t\t\t\t\t<div class=\"elementor-background-overlay\"><\/div>\n\t\t\t\t\t\t\t<div class=\"elementor-container elementor-column-gap-default\">\n\t\t\t\t\t<div class=\"elementor-column elementor-col-100 elementor-top-column elementor-element elementor-element-41c7c10\" data-id=\"41c7c10\" data-element_type=\"column\">\n\t\t\t<div class=\"elementor-widget-wrap elementor-element-populated\">\n\t\t\t\t\t\t<div class=\"elementor-element elementor-element-f1891e0 elementor-widget elementor-widget-tbay-heading\" data-id=\"f1891e0\" data-element_type=\"widget\" data-widget_type=\"tbay-heading.default\">\n\t\t\t\t<div class=\"elementor-widget-container\">\n\t\t\t\r\n<div class=\"tbay-element tbay-element-heading\">\r\n\t\t\t\t<h3 class=\"heading-tbay-title\">\r\n\t\t\t\t\t\t\t\t\t<span class=\"title\">Benvenuti a<\/span>\r\n\t\t\t\t\t    \t\r\n\t\t\t\t\t\t\t<\/h3>\r\n\t\t<\/div>\t\t<\/div>\n\t\t\t\t<\/div>\n\t\t\t\t<div class=\"elementor-element elementor-element-6df5911 elementor-widget elementor-widget-tbay-heading\" data-id=\"6df5911\" data-element_type=\"widget\" data-widget_type=\"tbay-heading.default\">\n\t\t\t\t<div class=\"elementor-widget-container\">\n\t\t\t\r\n<div class=\"tbay-element tbay-element-heading\">\r\n\t\t\t\t<h3 class=\"heading-tbay-title\">\r\n\t\t\t\t\t\t\t\t\t<span class=\"title\">ComprareNembutal<\/span>\r\n\t\t\t\t\t    \t\r\n\t\t\t\t\t\t\t<\/h3>\r\n\t\t<\/div>\t\t<\/div>\n\t\t\t\t<\/div>\n\t\t\t\t\t<\/div>\n\t\t<\/div>\n\t\t\t\t\t<\/div>\n\t\t<\/section>\n\t\t<div class=\"elementor-element elementor-element-8723589 e-flex e-con-boxed e-con e-parent\" data-id=\"8723589\" data-element_type=\"container\" data-settings=\"{&quot;content_width&quot;:&quot;boxed&quot;}\" data-core-v316-plus=\"true\">\n\t\t\t\t\t<div class=\"e-con-inner\">\n\t\t\t\t<div class=\"elementor-element elementor-element-6a63d2c elementor-widget elementor-widget-text-editor\" data-id=\"6a63d2c\" data-element_type=\"widget\" data-widget_type=\"text-editor.default\">\n\t\t\t\t<div class=\"elementor-widget-container\">\n\t\t\t<style>\/*! elementor - v3.19.0 - 29-01-2024 *\/\n.elementor-widget-text-editor.elementor-drop-cap-view-stacked .elementor-drop-cap{background-color:#69727d;color:#fff}.elementor-widget-text-editor.elementor-drop-cap-view-framed .elementor-drop-cap{color:#69727d;border:3px solid;background-color:transparent}.elementor-widget-text-editor:not(.elementor-drop-cap-view-default) .elementor-drop-cap{margin-top:8px}.elementor-widget-text-editor:not(.elementor-drop-cap-view-default) .elementor-drop-cap-letter{width:1em;height:1em}.elementor-widget-text-editor .elementor-drop-cap{float:left;text-align:center;line-height:1;font-size:50px}.elementor-widget-text-editor .elementor-drop-cap-letter{display:inline-block}<\/style>\t\t\t\t<p>Benvenuti su Example.com, la vostra prima destinazione per l'acquisto di Nembutal online. Siamo orgogliosi di essere una fonte affidabile per coloro che cercano di acquistare Nembutal in modo legale e sicuro. Grazie alla nostra dedizione alla qualit\u00e0, all'affidabilit\u00e0 e alla soddisfazione del cliente, ci siamo affermati come il negozio di riferimento per il Nembutal, servendo i clienti non solo in Francia ma in tutto il mondo.A Example.com, comprendiamo l'importanza di fornire un'esperienza di acquisto senza problemi e senza interruzioni. Ecco perch\u00e9 abbiamo curato una selezione completa di prodotti Nembutal, assicurando che possiate trovare esattamente ci\u00f2 di cui avete bisogno con facilit\u00e0. Sia che stiate cercando di ordinare il Nembutal per uso personale o per altri scopi, vi copriamo noi.<\/p><p>\u00a0<\/p><p>Quando scegliete Example.com, potete fidarvi di ricevere prodotti Nembutal originali della massima qualit\u00e0. Lavoriamo direttamente con produttori di fiducia per garantire l'autenticit\u00e0 e la potenza di ogni prodotto che offriamo. Il nostro impegno nel controllo della qualit\u00e0 significa che potete acquistare il Nembutal online con fiducia, sapendo di ricevere un prodotto che soddisfa i nostri rigorosi standard. Siamo consapevoli che la discrezione e la privacy sono fondamentali quando si acquista Nembutal online. Ecco perch\u00e9 diamo priorit\u00e0 alla sicurezza dei vostri dati personali e garantiamo che ogni transazione sia gestita con la massima riservatezza. Grazie al nostro processo di pagamento crittografato e alla confezione discreta, potete essere certi che la vostra privacy sia protetta in ogni fase del processo.<\/p>\t\t\t\t\t\t<\/div>\n\t\t\t\t<\/div>\n\t\t\t\t\t<\/div>\n\t\t\t\t<\/div>\n\t\t\t\t<section class=\"elementor-section elementor-top-section elementor-element elementor-element-cbeea41 elementor-section-stretched elementor-section-boxed elementor-section-height-default elementor-section-height-default\" data-id=\"cbeea41\" data-element_type=\"section\" data-settings=\"{&quot;stretch_section&quot;:&quot;section-stretched&quot;}\">\n\t\t\t\t\t\t<div class=\"elementor-container elementor-column-gap-default\">\n\t\t\t\t\t<div class=\"elementor-column elementor-col-50 elementor-top-column elementor-element elementor-element-f75c031\" data-id=\"f75c031\" data-element_type=\"column\">\n\t\t\t<div class=\"elementor-widget-wrap elementor-element-populated\">\n\t\t\t\t\t\t<div class=\"elementor-element elementor-element-2d3620f elementor-widget elementor-widget-text-editor\" data-id=\"2d3620f\" data-element_type=\"widget\" data-widget_type=\"text-editor.default\">\n\t\t\t\t<div class=\"elementor-widget-container\">\n\t\t\t\t\t\t\t<p style=\"text-align: justify;\">Vi state chiedendo dove acquistare il Nembutal? Non cercate oltre Example.com. Grazie al nostro sito web facile da usare e alla navigazione intuitiva, trovare e ordinare i prodotti Nembutal desiderati \u00e8 facile e veloce. Inoltre, grazie alle nostre opzioni di spedizione rapide e affidabili, potrete ricevere il vostro ordine direttamente a casa vostra in pochissimo tempo. Su Example.com ci impegniamo a fornire un servizio clienti eccezionale. Se avete domande sui nostri prodotti, se avete bisogno di assistenza per il vostro ordine o di supporto dopo l'acquisto, il nostro team amichevole e competente \u00e8 qui per aiutarvi. Ci sforziamo di superare le vostre aspettative in ogni occasione, assicurando che la vostra esperienza con noi sia a dir poco eccezionale.<\/p>\t\t\t\t\t\t<\/div>\n\t\t\t\t<\/div>\n\t\t\t\t\t<\/div>\n\t\t<\/div>\n\t\t\t\t<div class=\"elementor-column elementor-col-50 elementor-top-column elementor-element elementor-element-c89ee02\" data-id=\"c89ee02\" data-element_type=\"column\">\n\t\t\t<div class=\"elementor-widget-wrap elementor-element-populated\">\n\t\t\t\t\t\t<div class=\"elementor-element elementor-element-6459cb6 elementor-widget elementor-widget-text-editor\" data-id=\"6459cb6\" data-element_type=\"widget\" data-widget_type=\"text-editor.default\">\n\t\t\t\t<div class=\"elementor-widget-container\">\n\t\t\t\t\t\t\t<p style=\"text-align: justify;\">Provate voi stessi la convenienza, l'affidabilit\u00e0 e la qualit\u00e0 di Example.com. Acquistate il Nembutal online da una fonte affidabile e unitevi agli innumerevoli clienti soddisfatti in tutto il mondo. Ordinate ora e scoprite perch\u00e9 Example.com \u00e8 la destinazione preferita dagli acquirenti di Nembutal in tutto il mondo.<\/p>\t\t\t\t\t\t<\/div>\n\t\t\t\t<\/div>\n\t\t\t\t\t<\/div>\n\t\t<\/div>\n\t\t\t\t\t<\/div>\n\t\t<\/section>\n\t\t\t\t<section class=\"elementor-section elementor-top-section elementor-element elementor-element-eaab3bf elementor-section-stretched elementor-section-boxed elementor-section-height-default elementor-section-height-default\" data-id=\"eaab3bf\" data-element_type=\"section\" data-settings=\"{&quot;stretch_section&quot;:&quot;section-stretched&quot;,&quot;background_background&quot;:&quot;classic&quot;}\">\n\t\t\t\t\t\t<div class=\"elementor-container elementor-column-gap-default\">\n\t\t\t\t\t<div class=\"elementor-column elementor-col-100 elementor-top-column elementor-element elementor-element-3c81574\" data-id=\"3c81574\" data-element_type=\"column\">\n\t\t\t<div class=\"elementor-widget-wrap elementor-element-populated\">\n\t\t\t\t\t\t<div class=\"elementor-element elementor-element-c81bd63 elementor-widget elementor-widget-tbay-heading\" data-id=\"c81bd63\" data-element_type=\"widget\" data-widget_type=\"tbay-heading.default\">\n\t\t\t\t<div class=\"elementor-widget-container\">\n\t\t\t\r\n<div class=\"tbay-element tbay-element-heading\">\r\n\t\t\t\t<h3 class=\"heading-tbay-title\">\r\n\t\t\t\t\t\t\t\t\t<span class=\"title\">Perch\u00e9 scegliere noi?<\/span>\r\n\t\t\t\t\t    \t\r\n\t\t\t\t\t\t\t\t\t<span class=\"subtitle\">Noi di Kaufennembutal.com sappiamo quanto sia importante trovare una fonte affidabile per il vostro fabbisogno di nembutal. Ecco sei motivi convincenti per cui dovreste scegliere noi:<\/span>\r\n\t\t\t\t\t\t\t<\/h3>\r\n\t\t<\/div>\t\t<\/div>\n\t\t\t\t<\/div>\n\t\t\t\t<section class=\"elementor-section elementor-inner-section elementor-element elementor-element-7fbc791 elementor-section-boxed elementor-section-height-default elementor-section-height-default\" data-id=\"7fbc791\" data-element_type=\"section\">\n\t\t\t\t\t\t<div class=\"elementor-container elementor-column-gap-no\">\n\t\t\t\t\t<div class=\"elementor-column elementor-col-33 elementor-inner-column elementor-element elementor-element-29fa024\" data-id=\"29fa024\" data-element_type=\"column\">\n\t\t\t<div class=\"elementor-widget-wrap elementor-element-populated\">\n\t\t\t\t\t\t<div class=\"elementor-element elementor-element-373665f elementor-view-default elementor-position-top elementor-mobile-position-top elementor-widget elementor-widget-icon-box\" data-id=\"373665f\" data-element_type=\"widget\" data-widget_type=\"icon-box.default\">\n\t\t\t\t<div class=\"elementor-widget-container\">\n\t\t\t<link rel=\"stylesheet\" href=\"https:\/\/kaufennembutal.com\/wp-content\/plugins\/elementor\/assets\/css\/widget-icon-box.min.css\">\t\t<div class=\"elementor-icon-box-wrapper\">\n\t\t\t\t\t\t<div class=\"elementor-icon-box-icon\">\n\t\t\t\t<span  class=\"elementor-icon elementor-animation-\">\n\t\t\t\t<i aria-hidden=\"true\" class=\"tb-icon tb-icon-zz-za-check\"><\/i>\t\t\t\t<\/span>\n\t\t\t<\/div>\n\t\t\t\t\t\t<div class=\"elementor-icon-box-content\">\n\t\t\t\t<h3 class=\"elementor-icon-box-title\">\n\t\t\t\t\t<span  >\n\t\t\t\t\t\tGaranzia di qualit\u00e0\t\t\t\t\t<\/span>\n\t\t\t\t<\/h3>\n\t\t\t\t\t\t\t\t\t<p class=\"elementor-icon-box-description\">\n\t\t\t\t\t\tQuando acquistate il Nembutal online, meritate solo il meglio. Noi di kaufennembutal.com diamo priorit\u00e0 alla qualit\u00e0. I nostri prodotti sono sottoposti a test rigorosi per garantirne la purezza e la potenza, in modo che possiate stare tranquilli ad ogni acquisto.\t\t\t\t\t<\/p>\n\t\t\t\t\t\t\t<\/div>\n\t\t<\/div>\n\t\t\t\t<\/div>\n\t\t\t\t<\/div>\n\t\t\t\t\t<\/div>\n\t\t<\/div>\n\t\t\t\t<div class=\"elementor-column elementor-col-33 elementor-inner-column elementor-element elementor-element-a938e4d\" data-id=\"a938e4d\" data-element_type=\"column\">\n\t\t\t<div class=\"elementor-widget-wrap elementor-element-populated\">\n\t\t\t\t\t\t<div class=\"elementor-element elementor-element-4528986 elementor-view-default elementor-position-top elementor-mobile-position-top elementor-widget elementor-widget-icon-box\" data-id=\"4528986\" data-element_type=\"widget\" data-widget_type=\"icon-box.default\">\n\t\t\t\t<div class=\"elementor-widget-container\">\n\t\t\t\t\t<div class=\"elementor-icon-box-wrapper\">\n\t\t\t\t\t\t<div class=\"elementor-icon-box-icon\">\n\t\t\t\t<span  class=\"elementor-icon elementor-animation-\">\n\t\t\t\t<i aria-hidden=\"true\" class=\"sim-icon icon-lock\"><\/i>\t\t\t\t<\/span>\n\t\t\t<\/div>\n\t\t\t\t\t\t<div class=\"elementor-icon-box-content\">\n\t\t\t\t<h3 class=\"elementor-icon-box-title\">\n\t\t\t\t\t<span  >\n\t\t\t\t\t\tProcesso d'ordine sicuro\t\t\t\t\t<\/span>\n\t\t\t\t<\/h3>\n\t\t\t\t\t\t\t\t\t<p class=\"elementor-icon-box-description\">\n\t\t\t\t\t\tSiete preoccupati per la sicurezza dei vostri dati personali? State tranquilli, il nostro processo di ordinazione \u00e8 completamente sicuro. La vostra privacy \u00e8 la nostra massima priorit\u00e0 e utilizziamo le pi\u00f9 recenti tecnologie di crittografia per proteggere i vostri dati.\t\t\t\t\t<\/p>\n\t\t\t\t\t\t\t<\/div>\n\t\t<\/div>\n\t\t\t\t<\/div>\n\t\t\t\t<\/div>\n\t\t\t\t\t<\/div>\n\t\t<\/div>\n\t\t\t\t<div class=\"elementor-column elementor-col-33 elementor-inner-column elementor-element elementor-element-a7e6a1e\" data-id=\"a7e6a1e\" data-element_type=\"column\">\n\t\t\t<div class=\"elementor-widget-wrap elementor-element-populated\">\n\t\t\t\t\t\t<div class=\"elementor-element elementor-element-5dcd675 elementor-view-default elementor-position-top elementor-mobile-position-top elementor-widget elementor-widget-icon-box\" data-id=\"5dcd675\" data-element_type=\"widget\" data-widget_type=\"icon-box.default\">\n\t\t\t\t<div class=\"elementor-widget-container\">\n\t\t\t\t\t<div class=\"elementor-icon-box-wrapper\">\n\t\t\t\t\t\t<div class=\"elementor-icon-box-icon\">\n\t\t\t\t<span  class=\"elementor-icon elementor-animation-\">\n\t\t\t\t<i aria-hidden=\"true\" class=\"tb-icon tb-icon-zz-list\"><\/i>\t\t\t\t<\/span>\n\t\t\t<\/div>\n\t\t\t\t\t\t<div class=\"elementor-icon-box-content\">\n\t\t\t\t<h3 class=\"elementor-icon-box-title\">\n\t\t\t\t\t<span  >\n\t\t\t\t\t\tAmpia selezione\t\t\t\t\t<\/span>\n\t\t\t\t<\/h3>\n\t\t\t\t\t\t\t\t\t<p class=\"elementor-icon-box-description\">\n\t\t\t\t\t\tSe volete acquistare il Nembutal per uso personale o per scopi di ricerca, su KaufenNembutal.com siete nel posto giusto. Il nostro vasto assortimento comprende varie forme e quantit\u00e0 per soddisfare le vostre esigenze. Potrete trovare il prodotto perfetto in pochi clic.\t\t\t\t\t<\/p>\n\t\t\t\t\t\t\t<\/div>\n\t\t<\/div>\n\t\t\t\t<\/div>\n\t\t\t\t<\/div>\n\t\t\t\t\t<\/div>\n\t\t<\/div>\n\t\t\t\t\t<\/div>\n\t\t<\/section>\n\t\t\t\t<section class=\"elementor-section elementor-inner-section elementor-element elementor-element-21eaeca elementor-section-boxed elementor-section-height-default elementor-section-height-default\" data-id=\"21eaeca\" data-element_type=\"section\">\n\t\t\t\t\t\t<div class=\"elementor-container elementor-column-gap-no\">\n\t\t\t\t\t<div class=\"elementor-column elementor-col-33 elementor-inner-column elementor-element elementor-element-bacc492\" data-id=\"bacc492\" data-element_type=\"column\">\n\t\t\t<div class=\"elementor-widget-wrap elementor-element-populated\">\n\t\t\t\t\t\t<div class=\"elementor-element elementor-element-f386e0d elementor-view-default elementor-position-top elementor-mobile-position-top elementor-widget elementor-widget-icon-box\" data-id=\"f386e0d\" data-element_type=\"widget\" data-widget_type=\"icon-box.default\">\n\t\t\t\t<div class=\"elementor-widget-container\">\n\t\t\t\t\t<div class=\"elementor-icon-box-wrapper\">\n\t\t\t\t\t\t<div class=\"elementor-icon-box-icon\">\n\t\t\t\t<span  class=\"elementor-icon elementor-animation-\">\n\t\t\t\t<i aria-hidden=\"true\" class=\"sim-icon icon-plane\"><\/i>\t\t\t\t<\/span>\n\t\t\t<\/div>\n\t\t\t\t\t\t<div class=\"elementor-icon-box-content\">\n\t\t\t\t<h3 class=\"elementor-icon-box-title\">\n\t\t\t\t\t<span  >\n\t\t\t\t\t\tSpedizione veloce e discreta\t\t\t\t\t<\/span>\n\t\t\t\t<\/h3>\n\t\t\t\t\t\t\t\t\t<p class=\"elementor-icon-box-description\">\n\t\t\t\t\t\tComprendiamo l'urgenza del vostro ordine e pertanto offriamo una spedizione rapida e discreta in tutto il mondo. Che siate in Francia o in qualsiasi altra parte del mondo, potete affidarvi a KaufenNembutal.com per una consegna sicura e rapida del Nembutal.\t\t\t\t\t<\/p>\n\t\t\t\t\t\t\t<\/div>\n\t\t<\/div>\n\t\t\t\t<\/div>\n\t\t\t\t<\/div>\n\t\t\t\t\t<\/div>\n\t\t<\/div>\n\t\t\t\t<div class=\"elementor-column elementor-col-33 elementor-inner-column elementor-element elementor-element-dd26592\" data-id=\"dd26592\" data-element_type=\"column\">\n\t\t\t<div class=\"elementor-widget-wrap elementor-element-populated\">\n\t\t\t\t\t\t<div class=\"elementor-element elementor-element-734b5eb elementor-view-default elementor-position-top elementor-mobile-position-top elementor-widget elementor-widget-icon-box\" data-id=\"734b5eb\" data-element_type=\"widget\" data-widget_type=\"icon-box.default\">\n\t\t\t\t<div class=\"elementor-widget-container\">\n\t\t\t\t\t<div class=\"elementor-icon-box-wrapper\">\n\t\t\t\t\t\t<div class=\"elementor-icon-box-icon\">\n\t\t\t\t<span  class=\"elementor-icon elementor-animation-\">\n\t\t\t\t<i aria-hidden=\"true\" class=\"sim-icon icon-handbag\"><\/i>\t\t\t\t<\/span>\n\t\t\t<\/div>\n\t\t\t\t\t\t<div class=\"elementor-icon-box-content\">\n\t\t\t\t<h3 class=\"elementor-icon-box-title\">\n\t\t\t\t\t<span  >\n\t\t\t\t\t\tFonte legittima\t\t\t\t\t<\/span>\n\t\t\t\t<\/h3>\n\t\t\t\t\t\t\t\t\t<p class=\"elementor-icon-box-description\">\n\t\t\t\t\t\tNon correte rischi con fornitori poco affidabili. BuyNembutal.com \u00e8 un negozio di Nembutal rispettabile con una reputazione di affidabilit\u00e0 e seriet\u00e0. Quando acquistate il Nembutal legalmente da noi, potete fidarvi dell'autenticit\u00e0 dei nostri prodotti.\t\t\t\t\t<\/p>\n\t\t\t\t\t\t\t<\/div>\n\t\t<\/div>\n\t\t\t\t<\/div>\n\t\t\t\t<\/div>\n\t\t\t\t\t<\/div>\n\t\t<\/div>\n\t\t\t\t<div class=\"elementor-column elementor-col-33 elementor-inner-column elementor-element elementor-element-03cc715\" data-id=\"03cc715\" data-element_type=\"column\">\n\t\t\t<div class=\"elementor-widget-wrap elementor-element-populated\">\n\t\t\t\t\t\t<div class=\"elementor-element elementor-element-2adb60b elementor-view-default elementor-position-top elementor-mobile-position-top elementor-widget elementor-widget-icon-box\" data-id=\"2adb60b\" data-element_type=\"widget\" data-widget_type=\"icon-box.default\">\n\t\t\t\t<div class=\"elementor-widget-container\">\n\t\t\t\t\t<div class=\"elementor-icon-box-wrapper\">\n\t\t\t\t\t\t<div class=\"elementor-icon-box-icon\">\n\t\t\t\t<span  class=\"elementor-icon elementor-animation-\">\n\t\t\t\t<i aria-hidden=\"true\" class=\"tb-icon tb-icon-support\"><\/i>\t\t\t\t<\/span>\n\t\t\t<\/div>\n\t\t\t\t\t\t<div class=\"elementor-icon-box-content\">\n\t\t\t\t<h3 class=\"elementor-icon-box-title\">\n\t\t\t\t\t<span  >\n\t\t\t\t\t\tServizio clienti eccezionale\t\t\t\t\t<\/span>\n\t\t\t\t<\/h3>\n\t\t\t\t\t\t\t\t\t<p class=\"elementor-icon-box-description\">\n\t\t\t\t\t\tAvete domande o dubbi? Il nostro team di assistenza clienti \u00e8 qui per aiutarvi. Dall'assistenza per gli ordini alle richieste di specifiche sui prodotti, ci impegniamo a fornirvi il supporto necessario in ogni fase del processo.\t\t\t\t\t<\/p>\n\t\t\t\t\t\t\t<\/div>\n\t\t<\/div>\n\t\t\t\t<\/div>\n\t\t\t\t<\/div>\n\t\t\t\t\t<\/div>\n\t\t<\/div>\n\t\t\t\t\t<\/div>\n\t\t<\/section>\n\t\t\t\t\t<\/div>\n\t\t<\/div>\n\t\t\t\t\t<\/div>\n\t\t<\/section>\n\t\t\t\t<\/div>","protected":false},"excerpt":{"rendered":"<p>Benvenuti a BuyNembutal Benvenuti a Example.com, la vostra prima destinazione per l'acquisto di Nembutal online. Siamo orgogliosi di essere una fonte affidabile per coloro che cercano di acquistare Nembutal in modo legale e sicuro. Con la nostra dedizione alla qualit\u00e0, all'affidabilit\u00e0 e alla soddisfazione del cliente, ci siamo affermati come il negozio di riferimento per il Nembutal, servendo i clienti non solo in Francia ma in tutto il mondo.A ... <a href=\"https:\/\/kaufennembutal.com\/it\/chi-siamo\/\" class=\"more-link\">Continua a leggere <span class=\"screen-reader-text\">Chi siamo<\/span><\/a><\/p>","protected":false},"author":1,"featured_media":0,"parent":0,"menu_order":0,"comment_status":"closed","ping_status":"closed","template":"","meta":{"footnotes":""},"class_list":["post-610","page","type-page","status-publish","hentry"],"yoast_head":"<!-- This site is optimized with the Yoast SEO plugin v26.1.1 - https:\/\/yoast.com\/wordpress\/plugins\/seo\/ -->\n<title>\u00dcber uns - Kaufen Nembutal<\/title>\n<meta name=\"robots\" content=\"index, follow, max-snippet:-1, max-image-preview:large, max-video-preview:-1\" \/>\n<link rel=\"canonical\" href=\"https:\/\/kaufennembutal.com\/it\/chi-siamo\/\" \/>\n<meta property=\"og:locale\" content=\"it_IT\" \/>\n<meta property=\"og:type\" content=\"article\" \/>\n<meta property=\"og:title\" content=\"\u00dcber uns - Kaufen Nembutal\" \/>\n<meta property=\"og:description\" content=\"Willkommen zu KaufenNembutal Welcome to Example.com, your premier destination for purchasing Nembutal online. We pride ourselves on being a trusted source for those seeking to buy Nembutal legally and securely. With our dedication to quality, reliability, and customer satisfaction, we&#8217;ve established ourselves as the go-to Nembutal store, serving customers not only in France but worldwide.At &hellip; Continue reading \u00dcber uns\" \/>\n<meta property=\"og:url\" content=\"https:\/\/kaufennembutal.com\/it\/chi-siamo\/\" \/>\n<meta property=\"og:site_name\" content=\"Kaufen Nembutal\" \/>\n<meta property=\"article:modified_time\" content=\"2024-01-31T07:59:26+00:00\" \/>\n<meta name=\"twitter:card\" content=\"summary_large_image\" \/>\n<meta name=\"twitter:label1\" content=\"Tempo di lettura stimato\" \/>\n\t<meta name=\"twitter:data1\" content=\"3 minuti\" \/>\n<script type=\"application\/ld+json\" class=\"yoast-schema-graph\">{\"@context\":\"https:\/\/schema.org\",\"@graph\":[{\"@type\":\"WebPage\",\"@id\":\"https:\/\/kaufennembutal.com\/uber-uns\/\",\"url\":\"https:\/\/kaufennembutal.com\/uber-uns\/\",\"name\":\"\u00dcber uns - Kaufen Nembutal\",\"isPartOf\":{\"@id\":\"https:\/\/kaufennembutal.com\/#website\"},\"datePublished\":\"2021-08-26T09:00:12+00:00\",\"dateModified\":\"2024-01-31T07:59:26+00:00\",\"breadcrumb\":{\"@id\":\"https:\/\/kaufennembutal.com\/uber-uns\/#breadcrumb\"},\"inLanguage\":\"it-IT\",\"potentialAction\":[{\"@type\":\"ReadAction\",\"target\":[\"https:\/\/kaufennembutal.com\/uber-uns\/\"]}]},{\"@type\":\"BreadcrumbList\",\"@id\":\"https:\/\/kaufennembutal.com\/uber-uns\/#breadcrumb\",\"itemListElement\":[{\"@type\":\"ListItem\",\"position\":1,\"name\":\"Home\",\"item\":\"https:\/\/kaufennembutal.com\/\"},{\"@type\":\"ListItem\",\"position\":2,\"name\":\"\u00dcber uns\"}]},{\"@type\":\"WebSite\",\"@id\":\"https:\/\/kaufennembutal.com\/#website\",\"url\":\"https:\/\/kaufennembutal.com\/\",\"name\":\"Kaufen Nembutal\",\"description\":\"Nembutal Kaufen Online\",\"potentialAction\":[{\"@type\":\"SearchAction\",\"target\":{\"@type\":\"EntryPoint\",\"urlTemplate\":\"https:\/\/kaufennembutal.com\/?s={search_term_string}\"},\"query-input\":{\"@type\":\"PropertyValueSpecification\",\"valueRequired\":true,\"valueName\":\"search_term_string\"}}],\"inLanguage\":\"it-IT\"}]}<\/script>\n<!-- \/ Yoast SEO plugin. -->","yoast_head_json":{"title":"Chi siamo - Comprare Nembutal","robots":{"index":"index","follow":"follow","max-snippet":"max-snippet:-1","max-image-preview":"max-image-preview:large","max-video-preview":"max-video-preview:-1"},"canonical":"https:\/\/kaufennembutal.com\/it\/chi-siamo\/","og_locale":"it_IT","og_type":"article","og_title":"\u00dcber uns - Kaufen Nembutal","og_description":"Willkommen zu KaufenNembutal Welcome to Example.com, your premier destination for purchasing Nembutal online. We pride ourselves on being a trusted source for those seeking to buy Nembutal legally and securely. With our dedication to quality, reliability, and customer satisfaction, we&#8217;ve established ourselves as the go-to Nembutal store, serving customers not only in France but worldwide.At &hellip; Continue reading \u00dcber uns","og_url":"https:\/\/kaufennembutal.com\/it\/chi-siamo\/","og_site_name":"Kaufen Nembutal","article_modified_time":"2024-01-31T07:59:26+00:00","twitter_card":"summary_large_image","twitter_misc":{"Tempo di lettura stimato":"3 minuti"},"schema":{"@context":"https:\/\/schema.org","@graph":[{"@type":"WebPage","@id":"https:\/\/kaufennembutal.com\/uber-uns\/","url":"https:\/\/kaufennembutal.com\/uber-uns\/","name":"Chi siamo - Comprare Nembutal","isPartOf":{"@id":"https:\/\/kaufennembutal.com\/#website"},"datePublished":"2021-08-26T09:00:12+00:00","dateModified":"2024-01-31T07:59:26+00:00","breadcrumb":{"@id":"https:\/\/kaufennembutal.com\/uber-uns\/#breadcrumb"},"inLanguage":"it-IT","potentialAction":[{"@type":"ReadAction","target":["https:\/\/kaufennembutal.com\/uber-uns\/"]}]},{"@type":"BreadcrumbList","@id":"https:\/\/kaufennembutal.com\/uber-uns\/#breadcrumb","itemListElement":[{"@type":"ListItem","position":1,"name":"Home","item":"https:\/\/kaufennembutal.com\/"},{"@type":"ListItem","position":2,"name":"\u00dcber uns"}]},{"@type":"WebSite","@id":"https:\/\/kaufennembutal.com\/#website","url":"https:\/\/kaufennembutal.com\/","name":"Comprare Nembutal","description":"Acquistare Nembutal online","potentialAction":[{"@type":"SearchAction","target":{"@type":"EntryPoint","urlTemplate":"https:\/\/kaufennembutal.com\/?s={search_term_string}"},"query-input":{"@type":"PropertyValueSpecification","valueRequired":true,"valueName":"search_term_string"}}],"inLanguage":"it-IT"}]}},"_links":{"self":[{"href":"https:\/\/kaufennembutal.com\/it\/wp-json\/wp\/v2\/pages\/610","targetHints":{"allow":["GET"]}}],"collection":[{"href":"https:\/\/kaufennembutal.com\/it\/wp-json\/wp\/v2\/pages"}],"about":[{"href":"https:\/\/kaufennembutal.com\/it\/wp-json\/wp\/v2\/types\/page"}],"author":[{"embeddable":true,"href":"https:\/\/kaufennembutal.com\/it\/wp-json\/wp\/v2\/users\/1"}],"replies":[{"embeddable":true,"href":"https:\/\/kaufennembutal.com\/it\/wp-json\/wp\/v2\/comments?post=610"}],"version-history":[{"count":28,"href":"https:\/\/kaufennembutal.com\/it\/wp-json\/wp\/v2\/pages\/610\/revisions"}],"predecessor-version":[{"id":4785,"href":"https:\/\/kaufennembutal.com\/it\/wp-json\/wp\/v2\/pages\/610\/revisions\/4785"}],"wp:attachment":[{"href":"https:\/\/kaufennembutal.com\/it\/wp-json\/wp\/v2\/media?parent=610"}],"curies":[{"name":"wp","href":"https:\/\/api.w.org\/{rel}","templated":true}]}}