{"id":610,"date":"2021-08-26T09:00:12","date_gmt":"2021-08-26T09:00:12","guid":{"rendered":"https:\/\/el3.thembaydev.com\/greenmart_fresh\/?page_id=610"},"modified":"2024-01-31T07:59:26","modified_gmt":"2024-01-31T07:59:26","slug":"uber-uns","status":"publish","type":"page","link":"https:\/\/kaufennembutal.com\/fr\/a-propos-de-nous-2\/","title":{"rendered":"\u00c0 propos de nous"},"content":{"rendered":"<div data-elementor-type=\"wp-page\" data-elementor-id=\"610\" class=\"elementor elementor-610\">\n\t\t\t\t\t\t<section class=\"elementor-section elementor-top-section elementor-element elementor-element-117063a elementor-section-stretched elementor-section-boxed elementor-section-height-default elementor-section-height-default\" data-id=\"117063a\" data-element_type=\"section\" data-settings=\"{&quot;stretch_section&quot;:&quot;section-stretched&quot;,&quot;background_background&quot;:&quot;classic&quot;}\">\n\t\t\t\t\t\t\t<div class=\"elementor-background-overlay\"><\/div>\n\t\t\t\t\t\t\t<div class=\"elementor-container elementor-column-gap-default\">\n\t\t\t\t\t<div class=\"elementor-column elementor-col-100 elementor-top-column elementor-element elementor-element-41c7c10\" data-id=\"41c7c10\" data-element_type=\"column\">\n\t\t\t<div class=\"elementor-widget-wrap elementor-element-populated\">\n\t\t\t\t\t\t<div class=\"elementor-element elementor-element-f1891e0 elementor-widget elementor-widget-tbay-heading\" data-id=\"f1891e0\" data-element_type=\"widget\" data-widget_type=\"tbay-heading.default\">\n\t\t\t\t<div class=\"elementor-widget-container\">\n\t\t\t\r\n<div class=\"tbay-element tbay-element-heading\">\r\n\t\t\t\t<h3 class=\"heading-tbay-title\">\r\n\t\t\t\t\t\t\t\t\t<span class=\"title\">Bienvenue \u00e0<\/span>\r\n\t\t\t\t\t    \t\r\n\t\t\t\t\t\t\t<\/h3>\r\n\t\t<\/div>\t\t<\/div>\n\t\t\t\t<\/div>\n\t\t\t\t<div class=\"elementor-element elementor-element-6df5911 elementor-widget elementor-widget-tbay-heading\" data-id=\"6df5911\" data-element_type=\"widget\" data-widget_type=\"tbay-heading.default\">\n\t\t\t\t<div class=\"elementor-widget-container\">\n\t\t\t\r\n<div class=\"tbay-element tbay-element-heading\">\r\n\t\t\t\t<h3 class=\"heading-tbay-title\">\r\n\t\t\t\t\t\t\t\t\t<span class=\"title\">AcheterNembutal<\/span>\r\n\t\t\t\t\t    \t\r\n\t\t\t\t\t\t\t<\/h3>\r\n\t\t<\/div>\t\t<\/div>\n\t\t\t\t<\/div>\n\t\t\t\t\t<\/div>\n\t\t<\/div>\n\t\t\t\t\t<\/div>\n\t\t<\/section>\n\t\t<div class=\"elementor-element elementor-element-8723589 e-flex e-con-boxed e-con e-parent\" data-id=\"8723589\" data-element_type=\"container\" data-settings=\"{&quot;content_width&quot;:&quot;boxed&quot;}\" data-core-v316-plus=\"true\">\n\t\t\t\t\t<div class=\"e-con-inner\">\n\t\t\t\t<div class=\"elementor-element elementor-element-6a63d2c elementor-widget elementor-widget-text-editor\" data-id=\"6a63d2c\" data-element_type=\"widget\" data-widget_type=\"text-editor.default\">\n\t\t\t\t<div class=\"elementor-widget-container\">\n\t\t\t<style>\/*! elementor - v3.19.0 - 29-01-2024 *\/\n.elementor-widget-text-editor.elementor-drop-cap-view-stacked .elementor-drop-cap{background-color:#69727d;color:#fff}.elementor-widget-text-editor.elementor-drop-cap-view-framed .elementor-drop-cap{color:#69727d;border:3px solid;background-color:transparent}.elementor-widget-text-editor:not(.elementor-drop-cap-view-default) .elementor-drop-cap{margin-top:8px}.elementor-widget-text-editor:not(.elementor-drop-cap-view-default) .elementor-drop-cap-letter{width:1em;height:1em}.elementor-widget-text-editor .elementor-drop-cap{float:left;text-align:center;line-height:1;font-size:50px}.elementor-widget-text-editor .elementor-drop-cap-letter{display:inline-block}<\/style>\t\t\t\t<p>Bienvenue sur Example.com, votre premi\u00e8re destination pour l'achat de Nembutal en ligne. Nous sommes fiers d'\u00eatre une source fiable pour ceux qui cherchent \u00e0 acheter Nembutal l\u00e9galement et en toute s\u00e9curit\u00e9. Avec notre d\u00e9vouement \u00e0 la qualit\u00e9, la fiabilit\u00e9 et la satisfaction du client, nous nous sommes \u00e9tablis comme le magasin de r\u00e9f\u00e9rence pour Nembutal, servant les clients non seulement en France mais aussi dans le monde entier.Chez Exemple.com, nous comprenons l'importance d'offrir une exp\u00e9rience d'achat fluide et sans tracas. C'est pourquoi nous avons cr\u00e9\u00e9 une s\u00e9lection compl\u00e8te de produits Nembutal, afin que vous puissiez trouver exactement ce dont vous avez besoin en toute simplicit\u00e9. Que vous cherchiez \u00e0 commander Nembutal pour votre usage personnel ou \u00e0 d'autres fins, nous avons ce qu'il vous faut.<\/p><p>\u00a0<\/p><p>En choisissant Example.com, vous pouvez \u00eatre s\u00fbr de recevoir des produits Nembutal de la plus haute qualit\u00e9. Nous travaillons directement avec des fabricants de confiance pour garantir l'authenticit\u00e9 et la puissance de chaque produit que nous proposons. Notre engagement en mati\u00e8re de contr\u00f4le de qualit\u00e9 signifie que vous pouvez acheter Nembutal en ligne en toute confiance, en sachant que vous recevez un produit qui r\u00e9pond \u00e0 nos normes rigoureuses. Nous comprenons que la discr\u00e9tion et la protection de la vie priv\u00e9e sont primordiales lors de l'achat de Nembutal en ligne. C'est pourquoi nous accordons la priorit\u00e9 \u00e0 la s\u00e9curit\u00e9 de vos informations personnelles et veillons \u00e0 ce que chaque transaction soit trait\u00e9e avec la plus grande confidentialit\u00e9. Gr\u00e2ce \u00e0 notre processus d'achat crypt\u00e9 et \u00e0 notre emballage discret, vous pouvez \u00eatre s\u00fbr que votre vie priv\u00e9e est prot\u00e9g\u00e9e \u00e0 chaque \u00e9tape du processus.<\/p>\t\t\t\t\t\t<\/div>\n\t\t\t\t<\/div>\n\t\t\t\t\t<\/div>\n\t\t\t\t<\/div>\n\t\t\t\t<section class=\"elementor-section elementor-top-section elementor-element elementor-element-cbeea41 elementor-section-stretched elementor-section-boxed elementor-section-height-default elementor-section-height-default\" data-id=\"cbeea41\" data-element_type=\"section\" data-settings=\"{&quot;stretch_section&quot;:&quot;section-stretched&quot;}\">\n\t\t\t\t\t\t<div class=\"elementor-container elementor-column-gap-default\">\n\t\t\t\t\t<div class=\"elementor-column elementor-col-50 elementor-top-column elementor-element elementor-element-f75c031\" data-id=\"f75c031\" data-element_type=\"column\">\n\t\t\t<div class=\"elementor-widget-wrap elementor-element-populated\">\n\t\t\t\t\t\t<div class=\"elementor-element elementor-element-2d3620f elementor-widget elementor-widget-text-editor\" data-id=\"2d3620f\" data-element_type=\"widget\" data-widget_type=\"text-editor.default\">\n\t\t\t\t<div class=\"elementor-widget-container\">\n\t\t\t\t\t\t\t<p style=\"text-align: justify;\">Vous vous demandez o\u00f9 acheter Nembutal ? Ne cherchez pas plus loin que Example.com. Gr\u00e2ce \u00e0 notre site web convivial et \u00e0 une navigation intuitive, trouver et commander les produits Nembutal de votre choix est rapide et facile. De plus, gr\u00e2ce \u00e0 nos options d'exp\u00e9dition rapides et fiables, vous pouvez recevoir votre commande sur votre palier en un rien de temps. Chez Example.com, nous nous engageons \u00e0 offrir un service client\u00e8le exceptionnel. Que vous ayez des questions sur nos produits, que vous ayez besoin d'aide avec votre commande ou que vous ayez besoin d'assistance apr\u00e8s l'achat, notre \u00e9quipe sympathique et bien inform\u00e9e est l\u00e0 pour vous aider. Nous nous effor\u00e7ons d'aller au-del\u00e0 de vos attentes \u00e0 chaque \u00e9tape, afin que votre exp\u00e9rience avec nous ne manque pas d'\u00eatre exceptionnelle.<\/p>\t\t\t\t\t\t<\/div>\n\t\t\t\t<\/div>\n\t\t\t\t\t<\/div>\n\t\t<\/div>\n\t\t\t\t<div class=\"elementor-column elementor-col-50 elementor-top-column elementor-element elementor-element-c89ee02\" data-id=\"c89ee02\" data-element_type=\"column\">\n\t\t\t<div class=\"elementor-widget-wrap elementor-element-populated\">\n\t\t\t\t\t\t<div class=\"elementor-element elementor-element-6459cb6 elementor-widget elementor-widget-text-editor\" data-id=\"6459cb6\" data-element_type=\"widget\" data-widget_type=\"text-editor.default\">\n\t\t\t\t<div class=\"elementor-widget-container\">\n\t\t\t\t\t\t\t<p style=\"text-align: justify;\">Faites l'exp\u00e9rience de la commodit\u00e9, de la fiabilit\u00e9 et de la qualit\u00e9 d'Exemple.com pour vous-m\u00eame. Achetez Nembutal en ligne aupr\u00e8s d'une source fiable et rejoignez des clients satisfaits dans le monde entier. Commandez d\u00e8s maintenant et d\u00e9couvrez pourquoi Example.com est la destination pr\u00e9f\u00e9r\u00e9e des acheteurs de Nembutal du monde entier.<\/p>\t\t\t\t\t\t<\/div>\n\t\t\t\t<\/div>\n\t\t\t\t\t<\/div>\n\t\t<\/div>\n\t\t\t\t\t<\/div>\n\t\t<\/section>\n\t\t\t\t<section class=\"elementor-section elementor-top-section elementor-element elementor-element-eaab3bf elementor-section-stretched elementor-section-boxed elementor-section-height-default elementor-section-height-default\" data-id=\"eaab3bf\" data-element_type=\"section\" data-settings=\"{&quot;stretch_section&quot;:&quot;section-stretched&quot;,&quot;background_background&quot;:&quot;classic&quot;}\">\n\t\t\t\t\t\t<div class=\"elementor-container elementor-column-gap-default\">\n\t\t\t\t\t<div class=\"elementor-column elementor-col-100 elementor-top-column elementor-element elementor-element-3c81574\" data-id=\"3c81574\" data-element_type=\"column\">\n\t\t\t<div class=\"elementor-widget-wrap elementor-element-populated\">\n\t\t\t\t\t\t<div class=\"elementor-element elementor-element-c81bd63 elementor-widget elementor-widget-tbay-heading\" data-id=\"c81bd63\" data-element_type=\"widget\" data-widget_type=\"tbay-heading.default\">\n\t\t\t\t<div class=\"elementor-widget-container\">\n\t\t\t\r\n<div class=\"tbay-element tbay-element-heading\">\r\n\t\t\t\t<h3 class=\"heading-tbay-title\">\r\n\t\t\t\t\t\t\t\t\t<span class=\"title\">Pourquoi nous choisir ?<\/span>\r\n\t\t\t\t\t    \t\r\n\t\t\t\t\t\t\t\t\t<span class=\"subtitle\">Chez Kaufennembutal.com, nous savons \u00e0 quel point il est important de trouver une source fiable pour vos besoins en nembutal. Voici six raisons convaincantes pour lesquelles vous devriez nous choisir :<\/span>\r\n\t\t\t\t\t\t\t<\/h3>\r\n\t\t<\/div>\t\t<\/div>\n\t\t\t\t<\/div>\n\t\t\t\t<section class=\"elementor-section elementor-inner-section elementor-element elementor-element-7fbc791 elementor-section-boxed elementor-section-height-default elementor-section-height-default\" data-id=\"7fbc791\" data-element_type=\"section\">\n\t\t\t\t\t\t<div class=\"elementor-container elementor-column-gap-no\">\n\t\t\t\t\t<div class=\"elementor-column elementor-col-33 elementor-inner-column elementor-element elementor-element-29fa024\" data-id=\"29fa024\" data-element_type=\"column\">\n\t\t\t<div class=\"elementor-widget-wrap elementor-element-populated\">\n\t\t\t\t\t\t<div class=\"elementor-element elementor-element-373665f elementor-view-default elementor-position-top elementor-mobile-position-top elementor-widget elementor-widget-icon-box\" data-id=\"373665f\" data-element_type=\"widget\" data-widget_type=\"icon-box.default\">\n\t\t\t\t<div class=\"elementor-widget-container\">\n\t\t\t<link rel=\"stylesheet\" href=\"https:\/\/kaufennembutal.com\/wp-content\/plugins\/elementor\/assets\/css\/widget-icon-box.min.css\">\t\t<div class=\"elementor-icon-box-wrapper\">\n\t\t\t\t\t\t<div class=\"elementor-icon-box-icon\">\n\t\t\t\t<span  class=\"elementor-icon elementor-animation-\">\n\t\t\t\t<i aria-hidden=\"true\" class=\"tb-icon tb-icon-zz-za-check\"><\/i>\t\t\t\t<\/span>\n\t\t\t<\/div>\n\t\t\t\t\t\t<div class=\"elementor-icon-box-content\">\n\t\t\t\t<h3 class=\"elementor-icon-box-title\">\n\t\t\t\t\t<span  >\n\t\t\t\t\t\tAssurance qualit\u00e9\t\t\t\t\t<\/span>\n\t\t\t\t<\/h3>\n\t\t\t\t\t\t\t\t\t<p class=\"elementor-icon-box-description\">\n\t\t\t\t\t\tLorsque vous achetez Nembutal en ligne, vous ne m\u00e9ritez que le meilleur. Chez kaufennembutal.com, nous accordons une grande importance \u00e0 la qualit\u00e9. Nos produits sont soumis \u00e0 des tests rigoureux afin de garantir leur puret\u00e9 et leur efficacit\u00e9, ce qui vous permet d'avoir l'esprit tranquille \u00e0 chaque achat.\t\t\t\t\t<\/p>\n\t\t\t\t\t\t\t<\/div>\n\t\t<\/div>\n\t\t\t\t<\/div>\n\t\t\t\t<\/div>\n\t\t\t\t\t<\/div>\n\t\t<\/div>\n\t\t\t\t<div class=\"elementor-column elementor-col-33 elementor-inner-column elementor-element elementor-element-a938e4d\" data-id=\"a938e4d\" data-element_type=\"column\">\n\t\t\t<div class=\"elementor-widget-wrap elementor-element-populated\">\n\t\t\t\t\t\t<div class=\"elementor-element elementor-element-4528986 elementor-view-default elementor-position-top elementor-mobile-position-top elementor-widget elementor-widget-icon-box\" data-id=\"4528986\" data-element_type=\"widget\" data-widget_type=\"icon-box.default\">\n\t\t\t\t<div class=\"elementor-widget-container\">\n\t\t\t\t\t<div class=\"elementor-icon-box-wrapper\">\n\t\t\t\t\t\t<div class=\"elementor-icon-box-icon\">\n\t\t\t\t<span  class=\"elementor-icon elementor-animation-\">\n\t\t\t\t<i aria-hidden=\"true\" class=\"sim-icon icon-lock\"><\/i>\t\t\t\t<\/span>\n\t\t\t<\/div>\n\t\t\t\t\t\t<div class=\"elementor-icon-box-content\">\n\t\t\t\t<h3 class=\"elementor-icon-box-title\">\n\t\t\t\t\t<span  >\n\t\t\t\t\t\tProcessus de commande s\u00e9curis\u00e9\t\t\t\t\t<\/span>\n\t\t\t\t<\/h3>\n\t\t\t\t\t\t\t\t\t<p class=\"elementor-icon-box-description\">\n\t\t\t\t\t\tVous vous inqui\u00e9tez pour la s\u00e9curit\u00e9 de vos donn\u00e9es personnelles ? Rassurez-vous, notre processus de commande est totalement s\u00e9curis\u00e9. Votre vie priv\u00e9e est notre priorit\u00e9 absolue et nous utilisons les derni\u00e8res technologies de cryptage pour prot\u00e9ger vos donn\u00e9es.\t\t\t\t\t<\/p>\n\t\t\t\t\t\t\t<\/div>\n\t\t<\/div>\n\t\t\t\t<\/div>\n\t\t\t\t<\/div>\n\t\t\t\t\t<\/div>\n\t\t<\/div>\n\t\t\t\t<div class=\"elementor-column elementor-col-33 elementor-inner-column elementor-element elementor-element-a7e6a1e\" data-id=\"a7e6a1e\" data-element_type=\"column\">\n\t\t\t<div class=\"elementor-widget-wrap elementor-element-populated\">\n\t\t\t\t\t\t<div class=\"elementor-element elementor-element-5dcd675 elementor-view-default elementor-position-top elementor-mobile-position-top elementor-widget elementor-widget-icon-box\" data-id=\"5dcd675\" data-element_type=\"widget\" data-widget_type=\"icon-box.default\">\n\t\t\t\t<div class=\"elementor-widget-container\">\n\t\t\t\t\t<div class=\"elementor-icon-box-wrapper\">\n\t\t\t\t\t\t<div class=\"elementor-icon-box-icon\">\n\t\t\t\t<span  class=\"elementor-icon elementor-animation-\">\n\t\t\t\t<i aria-hidden=\"true\" class=\"tb-icon tb-icon-zz-list\"><\/i>\t\t\t\t<\/span>\n\t\t\t<\/div>\n\t\t\t\t\t\t<div class=\"elementor-icon-box-content\">\n\t\t\t\t<h3 class=\"elementor-icon-box-title\">\n\t\t\t\t\t<span  >\n\t\t\t\t\t\tUn grand choix\t\t\t\t\t<\/span>\n\t\t\t\t<\/h3>\n\t\t\t\t\t\t\t\t\t<p class=\"elementor-icon-box-description\">\n\t\t\t\t\t\tQue vous souhaitiez acheter du Nembutal pour votre usage personnel ou \u00e0 des fins de recherche, vous \u00eates \u00e0 la bonne adresse sur KaufenNembutal.com. Notre vaste assortiment comprend diff\u00e9rentes formes et quantit\u00e9s, adapt\u00e9es \u00e0 vos besoins. Quelques clics suffisent pour trouver le produit id\u00e9al.\t\t\t\t\t<\/p>\n\t\t\t\t\t\t\t<\/div>\n\t\t<\/div>\n\t\t\t\t<\/div>\n\t\t\t\t<\/div>\n\t\t\t\t\t<\/div>\n\t\t<\/div>\n\t\t\t\t\t<\/div>\n\t\t<\/section>\n\t\t\t\t<section class=\"elementor-section elementor-inner-section elementor-element elementor-element-21eaeca elementor-section-boxed elementor-section-height-default elementor-section-height-default\" data-id=\"21eaeca\" data-element_type=\"section\">\n\t\t\t\t\t\t<div class=\"elementor-container elementor-column-gap-no\">\n\t\t\t\t\t<div class=\"elementor-column elementor-col-33 elementor-inner-column elementor-element elementor-element-bacc492\" data-id=\"bacc492\" data-element_type=\"column\">\n\t\t\t<div class=\"elementor-widget-wrap elementor-element-populated\">\n\t\t\t\t\t\t<div class=\"elementor-element elementor-element-f386e0d elementor-view-default elementor-position-top elementor-mobile-position-top elementor-widget elementor-widget-icon-box\" data-id=\"f386e0d\" data-element_type=\"widget\" data-widget_type=\"icon-box.default\">\n\t\t\t\t<div class=\"elementor-widget-container\">\n\t\t\t\t\t<div class=\"elementor-icon-box-wrapper\">\n\t\t\t\t\t\t<div class=\"elementor-icon-box-icon\">\n\t\t\t\t<span  class=\"elementor-icon elementor-animation-\">\n\t\t\t\t<i aria-hidden=\"true\" class=\"sim-icon icon-plane\"><\/i>\t\t\t\t<\/span>\n\t\t\t<\/div>\n\t\t\t\t\t\t<div class=\"elementor-icon-box-content\">\n\t\t\t\t<h3 class=\"elementor-icon-box-title\">\n\t\t\t\t\t<span  >\n\t\t\t\t\t\tEnvoi rapide et discret\t\t\t\t\t<\/span>\n\t\t\t\t<\/h3>\n\t\t\t\t\t\t\t\t\t<p class=\"elementor-icon-box-description\">\n\t\t\t\t\t\tNous comprenons l'urgence de votre commande et c'est pourquoi nous proposons une livraison rapide et discr\u00e8te dans le monde entier. Que vous soyez bas\u00e9 en France ou n'importe o\u00f9 ailleurs dans le monde, vous pouvez \u00eatre s\u00fbr que AcheterNembutal.com vous livrera votre Nembutal en toute s\u00e9curit\u00e9 et rapidement.\t\t\t\t\t<\/p>\n\t\t\t\t\t\t\t<\/div>\n\t\t<\/div>\n\t\t\t\t<\/div>\n\t\t\t\t<\/div>\n\t\t\t\t\t<\/div>\n\t\t<\/div>\n\t\t\t\t<div class=\"elementor-column elementor-col-33 elementor-inner-column elementor-element elementor-element-dd26592\" data-id=\"dd26592\" data-element_type=\"column\">\n\t\t\t<div class=\"elementor-widget-wrap elementor-element-populated\">\n\t\t\t\t\t\t<div class=\"elementor-element elementor-element-734b5eb elementor-view-default elementor-position-top elementor-mobile-position-top elementor-widget elementor-widget-icon-box\" data-id=\"734b5eb\" data-element_type=\"widget\" data-widget_type=\"icon-box.default\">\n\t\t\t\t<div class=\"elementor-widget-container\">\n\t\t\t\t\t<div class=\"elementor-icon-box-wrapper\">\n\t\t\t\t\t\t<div class=\"elementor-icon-box-icon\">\n\t\t\t\t<span  class=\"elementor-icon elementor-animation-\">\n\t\t\t\t<i aria-hidden=\"true\" class=\"sim-icon icon-handbag\"><\/i>\t\t\t\t<\/span>\n\t\t\t<\/div>\n\t\t\t\t\t\t<div class=\"elementor-icon-box-content\">\n\t\t\t\t<h3 class=\"elementor-icon-box-title\">\n\t\t\t\t\t<span  >\n\t\t\t\t\t\tSource l\u00e9gitime\t\t\t\t\t<\/span>\n\t\t\t\t<\/h3>\n\t\t\t\t\t\t\t\t\t<p class=\"elementor-icon-box-description\">\n\t\t\t\t\t\tNe prenez pas de risques avec des fournisseurs douteux. AcheterNembutal.com est un magasin de Nembutal s\u00e9rieux avec une r\u00e9putation de fiabilit\u00e9 et de confiance. En achetant Nembutal l\u00e9galement chez nous, vous pouvez avoir confiance en l'authenticit\u00e9 de nos produits.\t\t\t\t\t<\/p>\n\t\t\t\t\t\t\t<\/div>\n\t\t<\/div>\n\t\t\t\t<\/div>\n\t\t\t\t<\/div>\n\t\t\t\t\t<\/div>\n\t\t<\/div>\n\t\t\t\t<div class=\"elementor-column elementor-col-33 elementor-inner-column elementor-element elementor-element-03cc715\" data-id=\"03cc715\" data-element_type=\"column\">\n\t\t\t<div class=\"elementor-widget-wrap elementor-element-populated\">\n\t\t\t\t\t\t<div class=\"elementor-element elementor-element-2adb60b elementor-view-default elementor-position-top elementor-mobile-position-top elementor-widget elementor-widget-icon-box\" data-id=\"2adb60b\" data-element_type=\"widget\" data-widget_type=\"icon-box.default\">\n\t\t\t\t<div class=\"elementor-widget-container\">\n\t\t\t\t\t<div class=\"elementor-icon-box-wrapper\">\n\t\t\t\t\t\t<div class=\"elementor-icon-box-icon\">\n\t\t\t\t<span  class=\"elementor-icon elementor-animation-\">\n\t\t\t\t<i aria-hidden=\"true\" class=\"tb-icon tb-icon-support\"><\/i>\t\t\t\t<\/span>\n\t\t\t<\/div>\n\t\t\t\t\t\t<div class=\"elementor-icon-box-content\">\n\t\t\t\t<h3 class=\"elementor-icon-box-title\">\n\t\t\t\t\t<span  >\n\t\t\t\t\t\tUn service client exceptionnel\t\t\t\t\t<\/span>\n\t\t\t\t<\/h3>\n\t\t\t\t\t\t\t\t\t<p class=\"elementor-icon-box-description\">\n\t\t\t\t\t\tVous avez des questions ou des doutes ? Notre \u00e9quipe de service client\u00e8le d\u00e9di\u00e9e se fera un plaisir de vous aider. De l'aide \u00e0 la commande aux demandes de renseignements sur les sp\u00e9cifications des produits, nous nous effor\u00e7ons de vous fournir l'assistance dont vous avez besoin \u00e0 chaque \u00e9tape.\t\t\t\t\t<\/p>\n\t\t\t\t\t\t\t<\/div>\n\t\t<\/div>\n\t\t\t\t<\/div>\n\t\t\t\t<\/div>\n\t\t\t\t\t<\/div>\n\t\t<\/div>\n\t\t\t\t\t<\/div>\n\t\t<\/section>\n\t\t\t\t\t<\/div>\n\t\t<\/div>\n\t\t\t\t\t<\/div>\n\t\t<\/section>\n\t\t\t\t<\/div>","protected":false},"excerpt":{"rendered":"<p>Bienvenue \u00e0 AcheterNembutal Welcome to Example.com, your first destination for purchasing Nembutal online. Nous sommes fiers d'\u00eatre une source fiable pour ceux qui cherchent \u00e0 acheter du Nembutal l\u00e9galement et en toute s\u00e9curit\u00e9. Avec notre d\u00e9vouement \u00e0 la qualit\u00e9, la fiabilit\u00e9 et la satisfaction du client, nous nous sommes \u00e9tablis comme le magasin de r\u00e9f\u00e9rence pour Nembutal, servant des clients non seulement en France mais aussi dans le monde entier.At ... <a href=\"https:\/\/kaufennembutal.com\/fr\/a-propos-de-nous-2\/\" class=\"more-link\">Continuer la lecture <span class=\"screen-reader-text\">\u00c0 propos de nous<\/span><\/a><\/p>","protected":false},"author":1,"featured_media":0,"parent":0,"menu_order":0,"comment_status":"closed","ping_status":"closed","template":"","meta":{"footnotes":""},"class_list":["post-610","page","type-page","status-publish","hentry"],"yoast_head":"<!-- This site is optimized with the Yoast SEO plugin v26.1.1 - https:\/\/yoast.com\/wordpress\/plugins\/seo\/ -->\n<title>\u00dcber uns - Kaufen Nembutal<\/title>\n<meta name=\"robots\" content=\"index, follow, max-snippet:-1, max-image-preview:large, max-video-preview:-1\" \/>\n<link rel=\"canonical\" href=\"https:\/\/kaufennembutal.com\/fr\/a-propos-de-nous-2\/\" \/>\n<meta property=\"og:locale\" content=\"fr_FR\" \/>\n<meta property=\"og:type\" content=\"article\" \/>\n<meta property=\"og:title\" content=\"\u00dcber uns - Kaufen Nembutal\" \/>\n<meta property=\"og:description\" content=\"Willkommen zu KaufenNembutal Welcome to Example.com, your premier destination for purchasing Nembutal online. We pride ourselves on being a trusted source for those seeking to buy Nembutal legally and securely. With our dedication to quality, reliability, and customer satisfaction, we&#8217;ve established ourselves as the go-to Nembutal store, serving customers not only in France but worldwide.At &hellip; Continue reading \u00dcber uns\" \/>\n<meta property=\"og:url\" content=\"https:\/\/kaufennembutal.com\/fr\/a-propos-de-nous-2\/\" \/>\n<meta property=\"og:site_name\" content=\"Kaufen Nembutal\" \/>\n<meta property=\"article:modified_time\" content=\"2024-01-31T07:59:26+00:00\" \/>\n<meta name=\"twitter:card\" content=\"summary_large_image\" \/>\n<meta name=\"twitter:label1\" content=\"Dur\u00e9e de lecture estim\u00e9e\" \/>\n\t<meta name=\"twitter:data1\" content=\"3 minutes\" \/>\n<script type=\"application\/ld+json\" class=\"yoast-schema-graph\">{\"@context\":\"https:\/\/schema.org\",\"@graph\":[{\"@type\":\"WebPage\",\"@id\":\"https:\/\/kaufennembutal.com\/uber-uns\/\",\"url\":\"https:\/\/kaufennembutal.com\/uber-uns\/\",\"name\":\"\u00dcber uns - Kaufen Nembutal\",\"isPartOf\":{\"@id\":\"https:\/\/kaufennembutal.com\/#website\"},\"datePublished\":\"2021-08-26T09:00:12+00:00\",\"dateModified\":\"2024-01-31T07:59:26+00:00\",\"breadcrumb\":{\"@id\":\"https:\/\/kaufennembutal.com\/uber-uns\/#breadcrumb\"},\"inLanguage\":\"fr-FR\",\"potentialAction\":[{\"@type\":\"ReadAction\",\"target\":[\"https:\/\/kaufennembutal.com\/uber-uns\/\"]}]},{\"@type\":\"BreadcrumbList\",\"@id\":\"https:\/\/kaufennembutal.com\/uber-uns\/#breadcrumb\",\"itemListElement\":[{\"@type\":\"ListItem\",\"position\":1,\"name\":\"Home\",\"item\":\"https:\/\/kaufennembutal.com\/\"},{\"@type\":\"ListItem\",\"position\":2,\"name\":\"\u00dcber uns\"}]},{\"@type\":\"WebSite\",\"@id\":\"https:\/\/kaufennembutal.com\/#website\",\"url\":\"https:\/\/kaufennembutal.com\/\",\"name\":\"Kaufen Nembutal\",\"description\":\"Nembutal Kaufen Online\",\"potentialAction\":[{\"@type\":\"SearchAction\",\"target\":{\"@type\":\"EntryPoint\",\"urlTemplate\":\"https:\/\/kaufennembutal.com\/?s={search_term_string}\"},\"query-input\":{\"@type\":\"PropertyValueSpecification\",\"valueRequired\":true,\"valueName\":\"search_term_string\"}}],\"inLanguage\":\"fr-FR\"}]}<\/script>\n<!-- \/ Yoast SEO plugin. -->","yoast_head_json":{"title":"\u00c0 propos de nous - Acheter Nembutal","robots":{"index":"index","follow":"follow","max-snippet":"max-snippet:-1","max-image-preview":"max-image-preview:large","max-video-preview":"max-video-preview:-1"},"canonical":"https:\/\/kaufennembutal.com\/fr\/a-propos-de-nous-2\/","og_locale":"fr_FR","og_type":"article","og_title":"\u00dcber uns - Kaufen Nembutal","og_description":"Willkommen zu KaufenNembutal Welcome to Example.com, your premier destination for purchasing Nembutal online. We pride ourselves on being a trusted source for those seeking to buy Nembutal legally and securely. With our dedication to quality, reliability, and customer satisfaction, we&#8217;ve established ourselves as the go-to Nembutal store, serving customers not only in France but worldwide.At &hellip; Continue reading \u00dcber uns","og_url":"https:\/\/kaufennembutal.com\/fr\/a-propos-de-nous-2\/","og_site_name":"Kaufen Nembutal","article_modified_time":"2024-01-31T07:59:26+00:00","twitter_card":"summary_large_image","twitter_misc":{"Dur\u00e9e de lecture estim\u00e9e":"3 minutes"},"schema":{"@context":"https:\/\/schema.org","@graph":[{"@type":"WebPage","@id":"https:\/\/kaufennembutal.com\/uber-uns\/","url":"https:\/\/kaufennembutal.com\/uber-uns\/","name":"\u00c0 propos de nous - Acheter Nembutal","isPartOf":{"@id":"https:\/\/kaufennembutal.com\/#website"},"datePublished":"2021-08-26T09:00:12+00:00","dateModified":"2024-01-31T07:59:26+00:00","breadcrumb":{"@id":"https:\/\/kaufennembutal.com\/uber-uns\/#breadcrumb"},"inLanguage":"fr-FR","potentialAction":[{"@type":"ReadAction","target":["https:\/\/kaufennembutal.com\/uber-uns\/"]}]},{"@type":"BreadcrumbList","@id":"https:\/\/kaufennembutal.com\/uber-uns\/#breadcrumb","itemListElement":[{"@type":"ListItem","position":1,"name":"Home","item":"https:\/\/kaufennembutal.com\/"},{"@type":"ListItem","position":2,"name":"\u00dcber uns"}]},{"@type":"WebSite","@id":"https:\/\/kaufennembutal.com\/#website","url":"https:\/\/kaufennembutal.com\/","name":"Acheter Nembutal","description":"Achetez Nembutal en ligne","potentialAction":[{"@type":"SearchAction","target":{"@type":"EntryPoint","urlTemplate":"https:\/\/kaufennembutal.com\/?s={search_term_string}"},"query-input":{"@type":"PropertyValueSpecification","valueRequired":true,"valueName":"search_term_string"}}],"inLanguage":"fr-FR"}]}},"_links":{"self":[{"href":"https:\/\/kaufennembutal.com\/fr\/wp-json\/wp\/v2\/pages\/610","targetHints":{"allow":["GET"]}}],"collection":[{"href":"https:\/\/kaufennembutal.com\/fr\/wp-json\/wp\/v2\/pages"}],"about":[{"href":"https:\/\/kaufennembutal.com\/fr\/wp-json\/wp\/v2\/types\/page"}],"author":[{"embeddable":true,"href":"https:\/\/kaufennembutal.com\/fr\/wp-json\/wp\/v2\/users\/1"}],"replies":[{"embeddable":true,"href":"https:\/\/kaufennembutal.com\/fr\/wp-json\/wp\/v2\/comments?post=610"}],"version-history":[{"count":28,"href":"https:\/\/kaufennembutal.com\/fr\/wp-json\/wp\/v2\/pages\/610\/revisions"}],"predecessor-version":[{"id":4785,"href":"https:\/\/kaufennembutal.com\/fr\/wp-json\/wp\/v2\/pages\/610\/revisions\/4785"}],"wp:attachment":[{"href":"https:\/\/kaufennembutal.com\/fr\/wp-json\/wp\/v2\/media?parent=610"}],"curies":[{"name":"wp","href":"https:\/\/api.w.org\/{rel}","templated":true}]}}