{"id":610,"date":"2021-08-26T09:00:12","date_gmt":"2021-08-26T09:00:12","guid":{"rendered":"https:\/\/el3.thembaydev.com\/greenmart_fresh\/?page_id=610"},"modified":"2024-01-31T07:59:26","modified_gmt":"2024-01-31T07:59:26","slug":"uber-uns","status":"publish","type":"page","link":"https:\/\/kaufennembutal.com\/es\/quienes-somos\/","title":{"rendered":"Qui\u00e9nes somos"},"content":{"rendered":"<div data-elementor-type=\"wp-page\" data-elementor-id=\"610\" class=\"elementor elementor-610\">\n\t\t\t\t\t\t<section class=\"elementor-section elementor-top-section elementor-element elementor-element-117063a elementor-section-stretched elementor-section-boxed elementor-section-height-default elementor-section-height-default\" data-id=\"117063a\" data-element_type=\"section\" data-settings=\"{&quot;stretch_section&quot;:&quot;section-stretched&quot;,&quot;background_background&quot;:&quot;classic&quot;}\">\n\t\t\t\t\t\t\t<div class=\"elementor-background-overlay\"><\/div>\n\t\t\t\t\t\t\t<div class=\"elementor-container elementor-column-gap-default\">\n\t\t\t\t\t<div class=\"elementor-column elementor-col-100 elementor-top-column elementor-element elementor-element-41c7c10\" data-id=\"41c7c10\" data-element_type=\"column\">\n\t\t\t<div class=\"elementor-widget-wrap elementor-element-populated\">\n\t\t\t\t\t\t<div class=\"elementor-element elementor-element-f1891e0 elementor-widget elementor-widget-tbay-heading\" data-id=\"f1891e0\" data-element_type=\"widget\" data-widget_type=\"tbay-heading.default\">\n\t\t\t\t<div class=\"elementor-widget-container\">\n\t\t\t\r\n<div class=\"tbay-element tbay-element-heading\">\r\n\t\t\t\t<h3 class=\"heading-tbay-title\">\r\n\t\t\t\t\t\t\t\t\t<span class=\"title\">Bienvenido a<\/span>\r\n\t\t\t\t\t    \t\r\n\t\t\t\t\t\t\t<\/h3>\r\n\t\t<\/div>\t\t<\/div>\n\t\t\t\t<\/div>\n\t\t\t\t<div class=\"elementor-element elementor-element-6df5911 elementor-widget elementor-widget-tbay-heading\" data-id=\"6df5911\" data-element_type=\"widget\" data-widget_type=\"tbay-heading.default\">\n\t\t\t\t<div class=\"elementor-widget-container\">\n\t\t\t\r\n<div class=\"tbay-element tbay-element-heading\">\r\n\t\t\t\t<h3 class=\"heading-tbay-title\">\r\n\t\t\t\t\t\t\t\t\t<span class=\"title\">Comprar Nembutal<\/span>\r\n\t\t\t\t\t    \t\r\n\t\t\t\t\t\t\t<\/h3>\r\n\t\t<\/div>\t\t<\/div>\n\t\t\t\t<\/div>\n\t\t\t\t\t<\/div>\n\t\t<\/div>\n\t\t\t\t\t<\/div>\n\t\t<\/section>\n\t\t<div class=\"elementor-element elementor-element-8723589 e-flex e-con-boxed e-con e-parent\" data-id=\"8723589\" data-element_type=\"container\" data-settings=\"{&quot;content_width&quot;:&quot;boxed&quot;}\" data-core-v316-plus=\"true\">\n\t\t\t\t\t<div class=\"e-con-inner\">\n\t\t\t\t<div class=\"elementor-element elementor-element-6a63d2c elementor-widget elementor-widget-text-editor\" data-id=\"6a63d2c\" data-element_type=\"widget\" data-widget_type=\"text-editor.default\">\n\t\t\t\t<div class=\"elementor-widget-container\">\n\t\t\t<style>\/*! elementor - v3.19.0 - 29-01-2024 *\/\n.elementor-widget-text-editor.elementor-drop-cap-view-stacked .elementor-drop-cap{background-color:#69727d;color:#fff}.elementor-widget-text-editor.elementor-drop-cap-view-framed .elementor-drop-cap{color:#69727d;border:3px solid;background-color:transparent}.elementor-widget-text-editor:not(.elementor-drop-cap-view-default) .elementor-drop-cap{margin-top:8px}.elementor-widget-text-editor:not(.elementor-drop-cap-view-default) .elementor-drop-cap-letter{width:1em;height:1em}.elementor-widget-text-editor .elementor-drop-cap{float:left;text-align:center;line-height:1;font-size:50px}.elementor-widget-text-editor .elementor-drop-cap-letter{display:inline-block}<\/style>\t\t\t\t<p>Bienvenido a Example.com, su principal destino para comprar Nembutal en l\u00ednea. Estamos orgullosos de ser una fuente de confianza para aquellos que buscan comprar Nembutal de forma legal y segura. Con nuestra dedicaci\u00f3n a la calidad, fiabilidad y satisfacci\u00f3n del cliente, nos hemos establecido como la tienda de Nembutal de referencia, sirviendo a clientes no s\u00f3lo en Francia sino en todo el mundo. Por eso hemos preparado una amplia selecci\u00f3n de productos de Nembutal, asegur\u00e1ndonos de que puedas encontrar exactamente lo que necesitas con facilidad. Tanto si desea comprar Nembutal para uso personal como para otros fines, tenemos todo lo que necesita.<\/p><p>\u00a0<\/p><p>Cuando eliges Example.com, puedes estar seguro de que recibir\u00e1s Nembutal aut\u00e9ntico de la mejor calidad. Trabajamos directamente con fabricantes de confianza para garantizar la autenticidad y potencia de cada producto que ofrecemos. Nuestro compromiso con el control de calidad significa que usted puede comprar Nembutal en l\u00ednea con confianza, sabiendo que est\u00e1 recibiendo un producto que cumple con nuestros rigurosos est\u00e1ndares. Entendemos que la discreci\u00f3n y la privacidad son primordiales a la hora de comprar Nembutal online. Por eso damos prioridad a la seguridad de su informaci\u00f3n personal y nos aseguramos de que cada transacci\u00f3n se gestione con la m\u00e1xima confidencialidad. Con nuestro proceso de compra encriptado y nuestro discreto envase, puede estar seguro de que su privacidad est\u00e1 protegida en todo momento.<\/p>\t\t\t\t\t\t<\/div>\n\t\t\t\t<\/div>\n\t\t\t\t\t<\/div>\n\t\t\t\t<\/div>\n\t\t\t\t<section class=\"elementor-section elementor-top-section elementor-element elementor-element-cbeea41 elementor-section-stretched elementor-section-boxed elementor-section-height-default elementor-section-height-default\" data-id=\"cbeea41\" data-element_type=\"section\" data-settings=\"{&quot;stretch_section&quot;:&quot;section-stretched&quot;}\">\n\t\t\t\t\t\t<div class=\"elementor-container elementor-column-gap-default\">\n\t\t\t\t\t<div class=\"elementor-column elementor-col-50 elementor-top-column elementor-element elementor-element-f75c031\" data-id=\"f75c031\" data-element_type=\"column\">\n\t\t\t<div class=\"elementor-widget-wrap elementor-element-populated\">\n\t\t\t\t\t\t<div class=\"elementor-element elementor-element-2d3620f elementor-widget elementor-widget-text-editor\" data-id=\"2d3620f\" data-element_type=\"widget\" data-widget_type=\"text-editor.default\">\n\t\t\t\t<div class=\"elementor-widget-container\">\n\t\t\t\t\t\t\t<p style=\"text-align: justify;\">\u00bfTe preguntas d\u00f3nde comprar Nembutal? No busque m\u00e1s, consulte Example.com. Con nuestro sitio web de f\u00e1cil uso y navegaci\u00f3n intuitiva, encontrar y pedir los productos de Nembutal deseados es r\u00e1pido y sencillo. Adem\u00e1s, con nuestras r\u00e1pidas y fiables opciones de env\u00edo, puedes tener tu pedido en la puerta de tu casa en muy poco tiempo. En Example.com, nos dedicamos a proporcionar un servicio de atenci\u00f3n al cliente excepcional. Tanto si tienes preguntas sobre nuestros productos, como si necesitas ayuda con tu pedido o asistencia despu\u00e9s de la compra, nuestro amable y experto equipo est\u00e1 aqu\u00ed para ayudarte. Nos esforzamos por superar sus expectativas en todo momento, asegur\u00e1ndonos de que su experiencia con nosotros sea excepcional.<\/p>\t\t\t\t\t\t<\/div>\n\t\t\t\t<\/div>\n\t\t\t\t\t<\/div>\n\t\t<\/div>\n\t\t\t\t<div class=\"elementor-column elementor-col-50 elementor-top-column elementor-element elementor-element-c89ee02\" data-id=\"c89ee02\" data-element_type=\"column\">\n\t\t\t<div class=\"elementor-widget-wrap elementor-element-populated\">\n\t\t\t\t\t\t<div class=\"elementor-element elementor-element-6459cb6 elementor-widget elementor-widget-text-editor\" data-id=\"6459cb6\" data-element_type=\"widget\" data-widget_type=\"text-editor.default\">\n\t\t\t\t<div class=\"elementor-widget-container\">\n\t\t\t\t\t\t\t<p style=\"text-align: justify;\">Comprueba por ti mismo la comodidad, fiabilidad y calidad de Example.com. Compre Nembutal online de una fuente de confianza y \u00fanase a los innumerables clientes satisfechos en todo el mundo. Haz tu pedido ahora y descubre por qu\u00e9 Example.com es el destino preferido de los compradores de Nembutal de todo el mundo.<\/p>\t\t\t\t\t\t<\/div>\n\t\t\t\t<\/div>\n\t\t\t\t\t<\/div>\n\t\t<\/div>\n\t\t\t\t\t<\/div>\n\t\t<\/section>\n\t\t\t\t<section class=\"elementor-section elementor-top-section elementor-element elementor-element-eaab3bf elementor-section-stretched elementor-section-boxed elementor-section-height-default elementor-section-height-default\" data-id=\"eaab3bf\" data-element_type=\"section\" data-settings=\"{&quot;stretch_section&quot;:&quot;section-stretched&quot;,&quot;background_background&quot;:&quot;classic&quot;}\">\n\t\t\t\t\t\t<div class=\"elementor-container elementor-column-gap-default\">\n\t\t\t\t\t<div class=\"elementor-column elementor-col-100 elementor-top-column elementor-element elementor-element-3c81574\" data-id=\"3c81574\" data-element_type=\"column\">\n\t\t\t<div class=\"elementor-widget-wrap elementor-element-populated\">\n\t\t\t\t\t\t<div class=\"elementor-element elementor-element-c81bd63 elementor-widget elementor-widget-tbay-heading\" data-id=\"c81bd63\" data-element_type=\"widget\" data-widget_type=\"tbay-heading.default\">\n\t\t\t\t<div class=\"elementor-widget-container\">\n\t\t\t\r\n<div class=\"tbay-element tbay-element-heading\">\r\n\t\t\t\t<h3 class=\"heading-tbay-title\">\r\n\t\t\t\t\t\t\t\t\t<span class=\"title\">\u00bfPor qu\u00e9 elegirnos?<\/span>\r\n\t\t\t\t\t    \t\r\n\t\t\t\t\t\t\t\t\t<span class=\"subtitle\">En Kaufennembutal.com, sabemos lo importante que es encontrar una fuente fiable para sus necesidades de nembutal. He aqu\u00ed seis razones de peso por las que deber\u00eda elegirnos:<\/span>\r\n\t\t\t\t\t\t\t<\/h3>\r\n\t\t<\/div>\t\t<\/div>\n\t\t\t\t<\/div>\n\t\t\t\t<section class=\"elementor-section elementor-inner-section elementor-element elementor-element-7fbc791 elementor-section-boxed elementor-section-height-default elementor-section-height-default\" data-id=\"7fbc791\" data-element_type=\"section\">\n\t\t\t\t\t\t<div class=\"elementor-container elementor-column-gap-no\">\n\t\t\t\t\t<div class=\"elementor-column elementor-col-33 elementor-inner-column elementor-element elementor-element-29fa024\" data-id=\"29fa024\" data-element_type=\"column\">\n\t\t\t<div class=\"elementor-widget-wrap elementor-element-populated\">\n\t\t\t\t\t\t<div class=\"elementor-element elementor-element-373665f elementor-view-default elementor-position-top elementor-mobile-position-top elementor-widget elementor-widget-icon-box\" data-id=\"373665f\" data-element_type=\"widget\" data-widget_type=\"icon-box.default\">\n\t\t\t\t<div class=\"elementor-widget-container\">\n\t\t\t<link rel=\"stylesheet\" href=\"https:\/\/kaufennembutal.com\/wp-content\/plugins\/elementor\/assets\/css\/widget-icon-box.min.css\">\t\t<div class=\"elementor-icon-box-wrapper\">\n\t\t\t\t\t\t<div class=\"elementor-icon-box-icon\">\n\t\t\t\t<span  class=\"elementor-icon elementor-animation-\">\n\t\t\t\t<i aria-hidden=\"true\" class=\"tb-icon tb-icon-zz-za-check\"><\/i>\t\t\t\t<\/span>\n\t\t\t<\/div>\n\t\t\t\t\t\t<div class=\"elementor-icon-box-content\">\n\t\t\t\t<h3 class=\"elementor-icon-box-title\">\n\t\t\t\t\t<span  >\n\t\t\t\t\t\tGarant\u00eda de calidad\t\t\t\t\t<\/span>\n\t\t\t\t<\/h3>\n\t\t\t\t\t\t\t\t\t<p class=\"elementor-icon-box-description\">\n\t\t\t\t\t\tCuando compra Nembutal en l\u00ednea, s\u00f3lo se merece lo mejor. En kaufennembutal.com, damos prioridad a la calidad. Nuestros productos se someten a rigurosas pruebas para garantizar su pureza y potencia, por lo que puede estar tranquilo con cada compra.\t\t\t\t\t<\/p>\n\t\t\t\t\t\t\t<\/div>\n\t\t<\/div>\n\t\t\t\t<\/div>\n\t\t\t\t<\/div>\n\t\t\t\t\t<\/div>\n\t\t<\/div>\n\t\t\t\t<div class=\"elementor-column elementor-col-33 elementor-inner-column elementor-element elementor-element-a938e4d\" data-id=\"a938e4d\" data-element_type=\"column\">\n\t\t\t<div class=\"elementor-widget-wrap elementor-element-populated\">\n\t\t\t\t\t\t<div class=\"elementor-element elementor-element-4528986 elementor-view-default elementor-position-top elementor-mobile-position-top elementor-widget elementor-widget-icon-box\" data-id=\"4528986\" data-element_type=\"widget\" data-widget_type=\"icon-box.default\">\n\t\t\t\t<div class=\"elementor-widget-container\">\n\t\t\t\t\t<div class=\"elementor-icon-box-wrapper\">\n\t\t\t\t\t\t<div class=\"elementor-icon-box-icon\">\n\t\t\t\t<span  class=\"elementor-icon elementor-animation-\">\n\t\t\t\t<i aria-hidden=\"true\" class=\"sim-icon icon-lock\"><\/i>\t\t\t\t<\/span>\n\t\t\t<\/div>\n\t\t\t\t\t\t<div class=\"elementor-icon-box-content\">\n\t\t\t\t<h3 class=\"elementor-icon-box-title\">\n\t\t\t\t\t<span  >\n\t\t\t\t\t\tProceso de pedido seguro\t\t\t\t\t<\/span>\n\t\t\t\t<\/h3>\n\t\t\t\t\t\t\t\t\t<p class=\"elementor-icon-box-description\">\n\t\t\t\t\t\t\u00bfLe preocupa la seguridad de sus datos personales? Tenga la seguridad de que nuestro proceso de pedido es totalmente seguro. Su privacidad es nuestra m\u00e1xima prioridad y utilizamos la \u00faltima tecnolog\u00eda de encriptaci\u00f3n para proteger sus datos.\t\t\t\t\t<\/p>\n\t\t\t\t\t\t\t<\/div>\n\t\t<\/div>\n\t\t\t\t<\/div>\n\t\t\t\t<\/div>\n\t\t\t\t\t<\/div>\n\t\t<\/div>\n\t\t\t\t<div class=\"elementor-column elementor-col-33 elementor-inner-column elementor-element elementor-element-a7e6a1e\" data-id=\"a7e6a1e\" data-element_type=\"column\">\n\t\t\t<div class=\"elementor-widget-wrap elementor-element-populated\">\n\t\t\t\t\t\t<div class=\"elementor-element elementor-element-5dcd675 elementor-view-default elementor-position-top elementor-mobile-position-top elementor-widget elementor-widget-icon-box\" data-id=\"5dcd675\" data-element_type=\"widget\" data-widget_type=\"icon-box.default\">\n\t\t\t\t<div class=\"elementor-widget-container\">\n\t\t\t\t\t<div class=\"elementor-icon-box-wrapper\">\n\t\t\t\t\t\t<div class=\"elementor-icon-box-icon\">\n\t\t\t\t<span  class=\"elementor-icon elementor-animation-\">\n\t\t\t\t<i aria-hidden=\"true\" class=\"tb-icon tb-icon-zz-list\"><\/i>\t\t\t\t<\/span>\n\t\t\t<\/div>\n\t\t\t\t\t\t<div class=\"elementor-icon-box-content\">\n\t\t\t\t<h3 class=\"elementor-icon-box-title\">\n\t\t\t\t\t<span  >\n\t\t\t\t\t\tAmplia selecci\u00f3n\t\t\t\t\t<\/span>\n\t\t\t\t<\/h3>\n\t\t\t\t\t\t\t\t\t<p class=\"elementor-icon-box-description\">\n\t\t\t\t\t\tSi desea comprar Nembutal para uso personal o con fines de investigaci\u00f3n, ha llegado al lugar adecuado en KaufenNembutal.com. Nuestra amplia gama incluye varias formas y cantidades para satisfacer sus necesidades. Puede encontrar el producto perfecto en s\u00f3lo unos clics.\t\t\t\t\t<\/p>\n\t\t\t\t\t\t\t<\/div>\n\t\t<\/div>\n\t\t\t\t<\/div>\n\t\t\t\t<\/div>\n\t\t\t\t\t<\/div>\n\t\t<\/div>\n\t\t\t\t\t<\/div>\n\t\t<\/section>\n\t\t\t\t<section class=\"elementor-section elementor-inner-section elementor-element elementor-element-21eaeca elementor-section-boxed elementor-section-height-default elementor-section-height-default\" data-id=\"21eaeca\" data-element_type=\"section\">\n\t\t\t\t\t\t<div class=\"elementor-container elementor-column-gap-no\">\n\t\t\t\t\t<div class=\"elementor-column elementor-col-33 elementor-inner-column elementor-element elementor-element-bacc492\" data-id=\"bacc492\" data-element_type=\"column\">\n\t\t\t<div class=\"elementor-widget-wrap elementor-element-populated\">\n\t\t\t\t\t\t<div class=\"elementor-element elementor-element-f386e0d elementor-view-default elementor-position-top elementor-mobile-position-top elementor-widget elementor-widget-icon-box\" data-id=\"f386e0d\" data-element_type=\"widget\" data-widget_type=\"icon-box.default\">\n\t\t\t\t<div class=\"elementor-widget-container\">\n\t\t\t\t\t<div class=\"elementor-icon-box-wrapper\">\n\t\t\t\t\t\t<div class=\"elementor-icon-box-icon\">\n\t\t\t\t<span  class=\"elementor-icon elementor-animation-\">\n\t\t\t\t<i aria-hidden=\"true\" class=\"sim-icon icon-plane\"><\/i>\t\t\t\t<\/span>\n\t\t\t<\/div>\n\t\t\t\t\t\t<div class=\"elementor-icon-box-content\">\n\t\t\t\t<h3 class=\"elementor-icon-box-title\">\n\t\t\t\t\t<span  >\n\t\t\t\t\t\tEnv\u00edo r\u00e1pido y discreto\t\t\t\t\t<\/span>\n\t\t\t\t<\/h3>\n\t\t\t\t\t\t\t\t\t<p class=\"elementor-icon-box-description\">\n\t\t\t\t\t\tComprendemos la urgencia de su pedido y por ello le ofrecemos un env\u00edo r\u00e1pido y discreto a todo el mundo. Tanto si se encuentra en Francia como en cualquier otro lugar del mundo, puede confiar en KaufenNembutal.com para recibir su Nembutal de forma segura y r\u00e1pida.\t\t\t\t\t<\/p>\n\t\t\t\t\t\t\t<\/div>\n\t\t<\/div>\n\t\t\t\t<\/div>\n\t\t\t\t<\/div>\n\t\t\t\t\t<\/div>\n\t\t<\/div>\n\t\t\t\t<div class=\"elementor-column elementor-col-33 elementor-inner-column elementor-element elementor-element-dd26592\" data-id=\"dd26592\" data-element_type=\"column\">\n\t\t\t<div class=\"elementor-widget-wrap elementor-element-populated\">\n\t\t\t\t\t\t<div class=\"elementor-element elementor-element-734b5eb elementor-view-default elementor-position-top elementor-mobile-position-top elementor-widget elementor-widget-icon-box\" data-id=\"734b5eb\" data-element_type=\"widget\" data-widget_type=\"icon-box.default\">\n\t\t\t\t<div class=\"elementor-widget-container\">\n\t\t\t\t\t<div class=\"elementor-icon-box-wrapper\">\n\t\t\t\t\t\t<div class=\"elementor-icon-box-icon\">\n\t\t\t\t<span  class=\"elementor-icon elementor-animation-\">\n\t\t\t\t<i aria-hidden=\"true\" class=\"sim-icon icon-handbag\"><\/i>\t\t\t\t<\/span>\n\t\t\t<\/div>\n\t\t\t\t\t\t<div class=\"elementor-icon-box-content\">\n\t\t\t\t<h3 class=\"elementor-icon-box-title\">\n\t\t\t\t\t<span  >\n\t\t\t\t\t\tFuente leg\u00edtima\t\t\t\t\t<\/span>\n\t\t\t\t<\/h3>\n\t\t\t\t\t\t\t\t\t<p class=\"elementor-icon-box-description\">\n\t\t\t\t\t\tNo corra riesgos con proveedores poco fiables. BuyNembutal.com es una reputada tienda de Nembutal con una reputaci\u00f3n de fiabilidad y confianza. Al comprar Nembutal legalmente con nosotros, puede confiar en la autenticidad de nuestros productos.\t\t\t\t\t<\/p>\n\t\t\t\t\t\t\t<\/div>\n\t\t<\/div>\n\t\t\t\t<\/div>\n\t\t\t\t<\/div>\n\t\t\t\t\t<\/div>\n\t\t<\/div>\n\t\t\t\t<div class=\"elementor-column elementor-col-33 elementor-inner-column elementor-element elementor-element-03cc715\" data-id=\"03cc715\" data-element_type=\"column\">\n\t\t\t<div class=\"elementor-widget-wrap elementor-element-populated\">\n\t\t\t\t\t\t<div class=\"elementor-element elementor-element-2adb60b elementor-view-default elementor-position-top elementor-mobile-position-top elementor-widget elementor-widget-icon-box\" data-id=\"2adb60b\" data-element_type=\"widget\" data-widget_type=\"icon-box.default\">\n\t\t\t\t<div class=\"elementor-widget-container\">\n\t\t\t\t\t<div class=\"elementor-icon-box-wrapper\">\n\t\t\t\t\t\t<div class=\"elementor-icon-box-icon\">\n\t\t\t\t<span  class=\"elementor-icon elementor-animation-\">\n\t\t\t\t<i aria-hidden=\"true\" class=\"tb-icon tb-icon-support\"><\/i>\t\t\t\t<\/span>\n\t\t\t<\/div>\n\t\t\t\t\t\t<div class=\"elementor-icon-box-content\">\n\t\t\t\t<h3 class=\"elementor-icon-box-title\">\n\t\t\t\t\t<span  >\n\t\t\t\t\t\tAtenci\u00f3n al cliente excepcional\t\t\t\t\t<\/span>\n\t\t\t\t<\/h3>\n\t\t\t\t\t\t\t\t\t<p class=\"elementor-icon-box-description\">\n\t\t\t\t\t\t\u00bfTiene alguna pregunta o duda? Nuestro equipo de atenci\u00f3n al cliente est\u00e1 aqu\u00ed para ayudarle. Desde asistencia para pedidos hasta consultas sobre especificaciones de productos, nos esforzamos por ofrecerle el apoyo que necesita en cada paso del proceso.\t\t\t\t\t<\/p>\n\t\t\t\t\t\t\t<\/div>\n\t\t<\/div>\n\t\t\t\t<\/div>\n\t\t\t\t<\/div>\n\t\t\t\t\t<\/div>\n\t\t<\/div>\n\t\t\t\t\t<\/div>\n\t\t<\/section>\n\t\t\t\t\t<\/div>\n\t\t<\/div>\n\t\t\t\t\t<\/div>\n\t\t<\/section>\n\t\t\t\t<\/div>","protected":false},"excerpt":{"rendered":"<p>Bienvenido a BuyNembutal Bienvenido a Example.com, su principal destino para comprar Nembutal en l\u00ednea. Estamos orgullosos de ser una fuente de confianza para aquellos que buscan comprar Nembutal de forma legal y segura. Con nuestra dedicaci\u00f3n a la calidad, fiabilidad y satisfacci\u00f3n del cliente, nos hemos establecido como la tienda de Nembutal a la que acudir, sirviendo a clientes no s\u00f3lo en Francia sino en todo el mundo.En ... <a href=\"https:\/\/kaufennembutal.com\/es\/quienes-somos\/\" class=\"more-link\">Seguir leyendo <span class=\"screen-reader-text\">Qui\u00e9nes somos<\/span><\/a><\/p>","protected":false},"author":1,"featured_media":0,"parent":0,"menu_order":0,"comment_status":"closed","ping_status":"closed","template":"","meta":{"footnotes":""},"class_list":["post-610","page","type-page","status-publish","hentry"],"yoast_head":"<!-- This site is optimized with the Yoast SEO plugin v26.1.1 - https:\/\/yoast.com\/wordpress\/plugins\/seo\/ -->\n<title>\u00dcber uns - Kaufen Nembutal<\/title>\n<meta name=\"robots\" content=\"index, follow, max-snippet:-1, max-image-preview:large, max-video-preview:-1\" \/>\n<link rel=\"canonical\" href=\"https:\/\/kaufennembutal.com\/es\/quienes-somos\/\" \/>\n<meta property=\"og:locale\" content=\"es_ES\" \/>\n<meta property=\"og:type\" content=\"article\" \/>\n<meta property=\"og:title\" content=\"\u00dcber uns - Kaufen Nembutal\" \/>\n<meta property=\"og:description\" content=\"Willkommen zu KaufenNembutal Welcome to Example.com, your premier destination for purchasing Nembutal online. We pride ourselves on being a trusted source for those seeking to buy Nembutal legally and securely. With our dedication to quality, reliability, and customer satisfaction, we&#8217;ve established ourselves as the go-to Nembutal store, serving customers not only in France but worldwide.At &hellip; Continue reading \u00dcber uns\" \/>\n<meta property=\"og:url\" content=\"https:\/\/kaufennembutal.com\/es\/quienes-somos\/\" \/>\n<meta property=\"og:site_name\" content=\"Kaufen Nembutal\" \/>\n<meta property=\"article:modified_time\" content=\"2024-01-31T07:59:26+00:00\" \/>\n<meta name=\"twitter:card\" content=\"summary_large_image\" \/>\n<meta name=\"twitter:label1\" content=\"Tiempo de lectura\" \/>\n\t<meta name=\"twitter:data1\" content=\"3 minutos\" \/>\n<script type=\"application\/ld+json\" class=\"yoast-schema-graph\">{\"@context\":\"https:\/\/schema.org\",\"@graph\":[{\"@type\":\"WebPage\",\"@id\":\"https:\/\/kaufennembutal.com\/uber-uns\/\",\"url\":\"https:\/\/kaufennembutal.com\/uber-uns\/\",\"name\":\"\u00dcber uns - Kaufen Nembutal\",\"isPartOf\":{\"@id\":\"https:\/\/kaufennembutal.com\/#website\"},\"datePublished\":\"2021-08-26T09:00:12+00:00\",\"dateModified\":\"2024-01-31T07:59:26+00:00\",\"breadcrumb\":{\"@id\":\"https:\/\/kaufennembutal.com\/uber-uns\/#breadcrumb\"},\"inLanguage\":\"es\",\"potentialAction\":[{\"@type\":\"ReadAction\",\"target\":[\"https:\/\/kaufennembutal.com\/uber-uns\/\"]}]},{\"@type\":\"BreadcrumbList\",\"@id\":\"https:\/\/kaufennembutal.com\/uber-uns\/#breadcrumb\",\"itemListElement\":[{\"@type\":\"ListItem\",\"position\":1,\"name\":\"Home\",\"item\":\"https:\/\/kaufennembutal.com\/\"},{\"@type\":\"ListItem\",\"position\":2,\"name\":\"\u00dcber uns\"}]},{\"@type\":\"WebSite\",\"@id\":\"https:\/\/kaufennembutal.com\/#website\",\"url\":\"https:\/\/kaufennembutal.com\/\",\"name\":\"Kaufen Nembutal\",\"description\":\"Nembutal Kaufen Online\",\"potentialAction\":[{\"@type\":\"SearchAction\",\"target\":{\"@type\":\"EntryPoint\",\"urlTemplate\":\"https:\/\/kaufennembutal.com\/?s={search_term_string}\"},\"query-input\":{\"@type\":\"PropertyValueSpecification\",\"valueRequired\":true,\"valueName\":\"search_term_string\"}}],\"inLanguage\":\"es\"}]}<\/script>\n<!-- \/ Yoast SEO plugin. -->","yoast_head_json":{"title":"Sobre - Buy Nembutal","robots":{"index":"index","follow":"follow","max-snippet":"max-snippet:-1","max-image-preview":"max-image-preview:large","max-video-preview":"max-video-preview:-1"},"canonical":"https:\/\/kaufennembutal.com\/es\/quienes-somos\/","og_locale":"es_ES","og_type":"article","og_title":"\u00dcber uns - Kaufen Nembutal","og_description":"Willkommen zu KaufenNembutal Welcome to Example.com, your premier destination for purchasing Nembutal online. We pride ourselves on being a trusted source for those seeking to buy Nembutal legally and securely. With our dedication to quality, reliability, and customer satisfaction, we&#8217;ve established ourselves as the go-to Nembutal store, serving customers not only in France but worldwide.At &hellip; Continue reading \u00dcber uns","og_url":"https:\/\/kaufennembutal.com\/es\/quienes-somos\/","og_site_name":"Kaufen Nembutal","article_modified_time":"2024-01-31T07:59:26+00:00","twitter_card":"summary_large_image","twitter_misc":{"Tiempo de lectura":"3 minutos"},"schema":{"@context":"https:\/\/schema.org","@graph":[{"@type":"WebPage","@id":"https:\/\/kaufennembutal.com\/uber-uns\/","url":"https:\/\/kaufennembutal.com\/uber-uns\/","name":"Sobre - Buy Nembutal","isPartOf":{"@id":"https:\/\/kaufennembutal.com\/#website"},"datePublished":"2021-08-26T09:00:12+00:00","dateModified":"2024-01-31T07:59:26+00:00","breadcrumb":{"@id":"https:\/\/kaufennembutal.com\/uber-uns\/#breadcrumb"},"inLanguage":"es","potentialAction":[{"@type":"ReadAction","target":["https:\/\/kaufennembutal.com\/uber-uns\/"]}]},{"@type":"BreadcrumbList","@id":"https:\/\/kaufennembutal.com\/uber-uns\/#breadcrumb","itemListElement":[{"@type":"ListItem","position":1,"name":"Home","item":"https:\/\/kaufennembutal.com\/"},{"@type":"ListItem","position":2,"name":"\u00dcber uns"}]},{"@type":"WebSite","@id":"https:\/\/kaufennembutal.com\/#website","url":"https:\/\/kaufennembutal.com\/","name":"Comprar Nembutal","description":"Comprar Nembutal online","potentialAction":[{"@type":"SearchAction","target":{"@type":"EntryPoint","urlTemplate":"https:\/\/kaufennembutal.com\/?s={search_term_string}"},"query-input":{"@type":"PropertyValueSpecification","valueRequired":true,"valueName":"search_term_string"}}],"inLanguage":"es"}]}},"_links":{"self":[{"href":"https:\/\/kaufennembutal.com\/es\/wp-json\/wp\/v2\/pages\/610","targetHints":{"allow":["GET"]}}],"collection":[{"href":"https:\/\/kaufennembutal.com\/es\/wp-json\/wp\/v2\/pages"}],"about":[{"href":"https:\/\/kaufennembutal.com\/es\/wp-json\/wp\/v2\/types\/page"}],"author":[{"embeddable":true,"href":"https:\/\/kaufennembutal.com\/es\/wp-json\/wp\/v2\/users\/1"}],"replies":[{"embeddable":true,"href":"https:\/\/kaufennembutal.com\/es\/wp-json\/wp\/v2\/comments?post=610"}],"version-history":[{"count":28,"href":"https:\/\/kaufennembutal.com\/es\/wp-json\/wp\/v2\/pages\/610\/revisions"}],"predecessor-version":[{"id":4785,"href":"https:\/\/kaufennembutal.com\/es\/wp-json\/wp\/v2\/pages\/610\/revisions\/4785"}],"wp:attachment":[{"href":"https:\/\/kaufennembutal.com\/es\/wp-json\/wp\/v2\/media?parent=610"}],"curies":[{"name":"wp","href":"https:\/\/api.w.org\/{rel}","templated":true}]}}